{"id":4885,"date":"2020-06-29T12:00:59","date_gmt":"2020-06-29T10:00:59","guid":{"rendered":"http:\/\/fnwpcms.westeurope.cloudapp.azure.com\/?page_id=4885"},"modified":"2023-03-09T17:08:13","modified_gmt":"2023-03-09T16:08:13","slug":"projekt-davilus","status":"publish","type":"page","link":"https:\/\/www.flynex.io\/de\/projekt-davilus\/","title":{"rendered":"Projekt DaViLuS"},"content":{"rendered":"<p><div class=\"fusion-fullwidth fullwidth-box fusion-builder-row-1 nonhundred-percent-fullwidth non-hundred-percent-height-scrolling\" style=\"--awb-border-radius-top-left:0px;--awb-border-radius-top-right:0px;--awb-border-radius-bottom-right:0px;--awb-border-radius-bottom-left:0px;--awb-flex-wrap:wrap;\" ><div class=\"fusion-builder-row fusion-row\"><div class=\"fusion-layout-column fusion_builder_column fusion-builder-column-0 fusion_builder_column_1_1 1_1 fusion-one-full fusion-column-first fusion-column-last\" style=\"--awb-bg-size:cover;\"><div class=\"fusion-column-wrapper fusion-column-has-shadow fusion-flex-column-wrapper-legacy\"><div class=\"fusion-text fusion-text-1\"><h1 style=\"text-align: center;\">Projekt DaViLuS<\/h1>\n<h2 style=\"text-align: center;\">Datenvisualisierung von Luftraumstruktur<\/h2>\n<\/div><div class=\"fusion-image-element in-legacy-container\" style=\"--awb-caption-title-font-family:var(--h2_typography-font-family);--awb-caption-title-font-weight:var(--h2_typography-font-weight);--awb-caption-title-font-style:var(--h2_typography-font-style);--awb-caption-title-size:var(--h2_typography-font-size);--awb-caption-title-transform:var(--h2_typography-text-transform);--awb-caption-title-line-height:var(--h2_typography-line-height);--awb-caption-title-letter-spacing:var(--h2_typography-letter-spacing);\"><span class=\" fusion-imageframe imageframe-none imageframe-1 hover-type-none\"><img decoding=\"async\" width=\"2560\" height=\"1362\" alt=\"DaViLus Screenshot Reichstag\" src=\"https:\/\/www.flynex.io\/wp-content\/uploads\/2020\/06\/3.-DaViLus-Screenshot-Reichstag-scaled.jpg\" data-orig-src=\"http:\/\/fnwpcms.westeurope.cloudapp.azure.com\/wp-content\/uploads\/2020\/06\/3.-DaViLus-Screenshot-Reichstag-scaled.jpg\" class=\"lazyload img-responsive wp-image-4887\" srcset=\"data:image\/svg+xml,%3Csvg%20xmlns%3D%27http%3A%2F%2Fwww.w3.org%2F2000%2Fsvg%27%20width%3D%272560%27%20height%3D%271362%27%20viewBox%3D%270%200%202560%201362%27%3E%3Crect%20width%3D%272560%27%20height%3D%271362%27%20fill-opacity%3D%220%22%2F%3E%3C%2Fsvg%3E\" data-srcset=\"https:\/\/www.flynex.io\/wp-content\/uploads\/2020\/06\/3.-DaViLus-Screenshot-Reichstag-200x106.jpg 200w, https:\/\/www.flynex.io\/wp-content\/uploads\/2020\/06\/3.-DaViLus-Screenshot-Reichstag-400x213.jpg 400w, https:\/\/www.flynex.io\/wp-content\/uploads\/2020\/06\/3.-DaViLus-Screenshot-Reichstag-600x319.jpg 600w, https:\/\/www.flynex.io\/wp-content\/uploads\/2020\/06\/3.-DaViLus-Screenshot-Reichstag-800x426.jpg 800w, https:\/\/www.flynex.io\/wp-content\/uploads\/2020\/06\/3.-DaViLus-Screenshot-Reichstag-1200x638.jpg 1200w, https:\/\/www.flynex.io\/wp-content\/uploads\/2020\/06\/3.-DaViLus-Screenshot-Reichstag-scaled.jpg 2560w\" data-sizes=\"auto\" data-orig-sizes=\"(max-width: 900px) 100vw, 2560px\" \/><\/span><\/div><div class=\"fusion-clearfix\"><\/div><\/div><\/div><\/div><\/div><div class=\"fusion-fullwidth fullwidth-box fusion-builder-row-2 nonhundred-percent-fullwidth non-hundred-percent-height-scrolling\" style=\"--awb-border-radius-top-left:0px;--awb-border-radius-top-right:0px;--awb-border-radius-bottom-right:0px;--awb-border-radius-bottom-left:0px;--awb-flex-wrap:wrap;\" ><div class=\"fusion-builder-row fusion-row\"><div class=\"fusion-layout-column fusion_builder_column fusion-builder-column-1 fusion_builder_column_1_1 1_1 fusion-one-full fusion-column-first fusion-column-last\" style=\"--awb-bg-size:cover;\"><div class=\"fusion-column-wrapper fusion-column-has-shadow fusion-flex-column-wrapper-legacy\"><div class=\"fusion-sep-clear\"><\/div><div class=\"fusion-separator fusion-full-width-sep\" style=\"margin-left: auto;margin-right: auto;margin-bottom:80px;width:100%;\"><\/div><div class=\"fusion-sep-clear\"><\/div><div class=\"fusion-clearfix\"><\/div><\/div><\/div><\/div><\/div><div class=\"fusion-fullwidth fullwidth-box fusion-builder-row-3 nonhundred-percent-fullwidth non-hundred-percent-height-scrolling\" style=\"--awb-border-radius-top-left:0px;--awb-border-radius-top-right:0px;--awb-border-radius-bottom-right:0px;--awb-border-radius-bottom-left:0px;--awb-flex-wrap:wrap;\" ><div class=\"fusion-builder-row fusion-row\"><div class=\"fusion-layout-column fusion_builder_column fusion-builder-column-2 fusion_builder_column_1_1 1_1 fusion-one-full fusion-column-first fusion-column-last\" style=\"--awb-bg-size:cover;\"><div class=\"fusion-column-wrapper fusion-column-has-shadow fusion-flex-column-wrapper-legacy\"><div class=\"fusion-text fusion-text-2\"><h4>Zusammenfassung<\/h4>\n<h2>Der Deutsche Drohnen-Luftraum als 3D-Karte<\/h2>\n<p>Die sichere und wirtschaftliche Integration von UAS in den Luftraum ist national wie international omnipr\u00e4sent, jedoch unter Datenverarbeitungs- und \u2013visualisierungsaspekten nur wenig beleuchtet. Die f\u00fcr den unteren Luftraum zu schaffenden Infrastrukturen werden dabei anders als in der bisherigen Luftfahrt ma\u00dfgeblich durch bodengebunden Infrastruktur bestimmt. Diese Infrastruktur am Boden f\u00fchrt aufgrund geltender Gesetze und der Objektbeschaffenheit zur Bildung neuer Luftr\u00e4ume in einer sehr differenzierten Art und einer gro\u00dfen Anzahl.<\/p>\n<p>DaViLuS zielt darauf ab, eine technische L\u00f6sung zu entwickeln, welche die notwendige Luftrauminfrastruktur anhand der Gesetzeslage auf Basis der umfassenden Geodatenlage abbildet und f\u00fcr Beh\u00f6rden, Unternehmen und Verbraucher verst\u00e4ndlich in 3D visualisiert. Au\u00dferdem sollen empirisch die Akzeptanzkriterien und die Nutzerfahrung f\u00fcr die geschaffenen und visualisierten Luftr\u00e4ume gepr\u00fcft werden. FlyNex validiert die umfassende aktuelle Datenlage inklusive der Metadaten speziell f\u00fcr die unbemannte Luftfahrt und analysiert die Geodaten vor dem Hintergrund der Verwendbarkeit und Relevanz f\u00fcr die unbemannte Luftfahrt. Die Luftrauminfrastruktur wird als Ergebnis referenziert in 3D abgebildet und ver\u00f6ffentlicht.<\/p>\n<p>Dazu arbeitet das Konsortium mit der Firma HERE und zahlreichen Beh\u00f6rden eng zusammen. Das Institut f\u00fcr unbemannte Systeme der Northern Business School wird die kreierten Luftr\u00e4ume hinsichtlich Akzeptanzkriterien empirisch pr\u00fcfen und die Nutzererfahrung anhand der Visualisierung evaluieren. Das Projekt-Ergebnis ist zu finden unter <a href=\"https:\/\/davilus.flynex.de\/\" target=\"_blank\" rel=\"noopener noreferrer\">https:\/\/davilus.flynex.de\/<\/a><\/p>\n<\/div><div class=\"fusion-clearfix\"><\/div><\/div><\/div><div class=\"fusion-layout-column fusion_builder_column fusion-builder-column-3 fusion_builder_column_1_1 1_1 fusion-one-full fusion-column-first fusion-column-last\" style=\"--awb-padding-top:20px;--awb-padding-right:20px;--awb-padding-bottom:20px;--awb-padding-left:20px;--awb-bg-size:cover;\"><div class=\"fusion-column-wrapper fusion-column-has-shadow fusion-flex-column-wrapper-legacy\"><div class=\"fusion-alignleft\"><a class=\"fusion-button button-flat button-large button-custom fusion-button-default button-1 fusion-button-default-span fusion-button-default-type\" style=\"--button_accent_color:#ffffff;--button_accent_hover_color:#ffffff;--button_border_hover_color:#ffffff;--button_gradient_top_color:rgba(36,142,197,0.85);--button_gradient_bottom_color:rgba(36,142,197,0.85);--button_gradient_top_color_hover:#005f87;--button_gradient_bottom_color_hover:#005f87;\" target=\"_blank\" rel=\"noopener noreferrer\" href=\"https:\/\/davilus.flynex.de\/\"><span class=\"fusion-button-text awb-button__text awb-button__text--default\">DaViLus starten<\/span><\/a><\/div><div class=\"fusion-sep-clear\"><\/div><div class=\"fusion-separator fusion-full-width-sep\" style=\"margin-left: auto;margin-right: auto;margin-bottom:8px;width:100%;\"><\/div><div class=\"fusion-sep-clear\"><\/div><div class=\"fusion-alignleft\"><a class=\"fusion-button button-flat button-large button-custom fusion-button-default button-2 fusion-button-default-span fusion-button-default-type\" style=\"--button_accent_color:#ffffff;--button_accent_hover_color:#ffffff;--button_border_hover_color:#ffffff;--button_gradient_top_color:rgba(36,142,197,0.85);--button_gradient_bottom_color:rgba(36,142,197,0.85);--button_gradient_top_color_hover:#005f87;--button_gradient_bottom_color_hover:#005f87;\" target=\"_self\" href=\"https:\/\/www.flynex.io\/de\/technik\/davilus-die-erste-3d-karte-deutschlands\/\"><span class=\"fusion-button-text awb-button__text awb-button__text--default\">Zum Blogartikel<\/span><\/a><\/div><div class=\"fusion-sep-clear\"><\/div><div class=\"fusion-separator fusion-full-width-sep\" style=\"margin-left: auto;margin-right: auto;margin-bottom:8px;width:100%;\"><\/div><div class=\"fusion-sep-clear\"><\/div><div class=\"fusion-alignleft\"><a class=\"fusion-button button-flat button-large button-custom fusion-button-default button-3 fusion-button-default-span fusion-button-default-type\" style=\"--button_accent_color:#ffffff;--button_accent_hover_color:#ffffff;--button_border_hover_color:#ffffff;--button_gradient_top_color:rgba(36,142,197,0.85);--button_gradient_bottom_color:rgba(36,142,197,0.85);--button_gradient_top_color_hover:#005f87;--button_gradient_bottom_color_hover:#005f87;\" target=\"_blank\" rel=\"noopener noreferrer\" href=\"https:\/\/www.bmvi.de\/SharedDocs\/DE\/Artikel\/DG\/UAV-Projekte\/davilus.html\"><span class=\"fusion-button-text awb-button__text awb-button__text--default\">BMVI Projekt-Seite<\/span><\/a><\/div><div class=\"fusion-clearfix\"><\/div><\/div><\/div><\/div><\/div><div class=\"fusion-fullwidth fullwidth-box fusion-builder-row-4 nonhundred-percent-fullwidth non-hundred-percent-height-scrolling\" style=\"--awb-border-radius-top-left:0px;--awb-border-radius-top-right:0px;--awb-border-radius-bottom-right:0px;--awb-border-radius-bottom-left:0px;--awb-flex-wrap:wrap;\" ><div class=\"fusion-builder-row fusion-row\"><div class=\"fusion-layout-column fusion_builder_column fusion-builder-column-4 fusion_builder_column_1_1 1_1 fusion-one-full fusion-column-first fusion-column-last\" style=\"--awb-bg-size:cover;\"><div class=\"fusion-column-wrapper fusion-column-has-shadow fusion-flex-column-wrapper-legacy\"><div class=\"fusion-sep-clear\"><\/div><div class=\"fusion-separator fusion-full-width-sep\" style=\"margin-left: auto;margin-right: auto;margin-bottom:80px;width:100%;\"><\/div><div class=\"fusion-sep-clear\"><\/div><div class=\"fusion-clearfix\"><\/div><\/div><\/div><\/div><\/div><div class=\"fusion-fullwidth fullwidth-box fusion-builder-row-5 nonhundred-percent-fullwidth non-hundred-percent-height-scrolling\" style=\"--awb-border-radius-top-left:0px;--awb-border-radius-top-right:0px;--awb-border-radius-bottom-right:0px;--awb-border-radius-bottom-left:0px;--awb-flex-wrap:wrap;\" ><div class=\"fusion-builder-row fusion-row\"><div class=\"fusion-layout-column fusion_builder_column fusion-builder-column-5 fusion_builder_column_1_2 1_2 fusion-one-half fusion-column-first\" style=\"--awb-bg-size:cover;width:50%;width:calc(50% - ( ( 4% ) * 0.5 ) );margin-right: 4%;\"><div class=\"fusion-column-wrapper fusion-column-has-shadow fusion-flex-column-wrapper-legacy\"><div class=\"fusion-text fusion-text-3\"><h3>Zahlen &amp; Fakten<\/h3>\n<ul class=\"keypoints\">\n<li class=\"bullets\">Knapp 360.000 km\u00b2 Luftraum (357.386 km\u00b2) wurde digital visualisiert<\/li>\n<li class=\"bullets\">Gesamte Umsetzung des Projektes in weniger als einem Jahr<\/li>\n<li class=\"bullets\">KI-gest\u00fctzter Routing-Algorhitmus zur automatischen 3D-Berechnung<\/li>\n<li class=\"bullets\">Mehr als 165 validierte Datenquellen f\u00fcr Geo- und Raum-Informationen<\/li>\n<li class=\"bullets\">Zus\u00e4tzlich 34 UAS-Gebietslayer in 2D und 3D<\/li>\n<li class=\"bullets\">Texturierte 3D-Geb\u00e4udemodelle, wie der K\u00f6lner Dom oder das Reichstagsgeb\u00e4ude in Berlin<\/li>\n<\/ul>\n<\/div><div class=\"fusion-clearfix\"><\/div><\/div><\/div><div class=\"fusion-layout-column fusion_builder_column fusion-builder-column-6 fusion_builder_column_1_2 1_2 fusion-one-half fusion-column-last\" style=\"--awb-bg-size:cover;width:50%;width:calc(50% - ( ( 4% ) * 0.5 ) );\"><div class=\"fusion-column-wrapper fusion-column-has-shadow fusion-flex-column-wrapper-legacy\"><div class=\"fusion-video fusion-vimeo fusion-aligncenter\" style=\"--awb-max-width:600px;--awb-max-height:360px;--awb-width:100%;\" data-autoplay=\"1\"><div class=\"video-shortcode\"><div class=\"fluid-width-video-wrapper\" style=\"padding-top:60%;\" ><iframe title=\"Vimeo video player 1\" src=\"https:\/\/player.vimeo.com\/video\/433566364?autoplay=1&amp;autopause=0\" width=\"600\" height=\"360\" allowfullscreen allow=\"autoplay; fullscreen\"><\/iframe><\/div><\/div><\/div><div class=\"fusion-text fusion-text-4\"><p>2D Routing-Algorithmus zur Navigation durch den Luftraum. In Vorbereitung auf UTM, 3D-Karten und Luftraum-Navigationsdienste.<\/p>\n<\/div><div class=\"fusion-clearfix\"><\/div><\/div><\/div><\/div><\/div><div class=\"fusion-fullwidth fullwidth-box fusion-builder-row-6 nonhundred-percent-fullwidth non-hundred-percent-height-scrolling\" style=\"--awb-border-radius-top-left:0px;--awb-border-radius-top-right:0px;--awb-border-radius-bottom-right:0px;--awb-border-radius-bottom-left:0px;--awb-flex-wrap:wrap;\" ><div class=\"fusion-builder-row fusion-row\"><div class=\"fusion-layout-column fusion_builder_column fusion-builder-column-7 fusion_builder_column_1_1 1_1 fusion-one-full fusion-column-first fusion-column-last\" style=\"--awb-bg-size:cover;\"><div class=\"fusion-column-wrapper fusion-column-has-shadow fusion-flex-column-wrapper-legacy\"><div class=\"fusion-sep-clear\"><\/div><div class=\"fusion-separator fusion-full-width-sep\" style=\"margin-left: auto;margin-right: auto;margin-bottom:80px;width:100%;\"><\/div><div class=\"fusion-sep-clear\"><\/div><div class=\"fusion-clearfix\"><\/div><\/div><\/div><\/div><\/div><div class=\"fusion-fullwidth fullwidth-box fusion-builder-row-7 nonhundred-percent-fullwidth non-hundred-percent-height-scrolling\" style=\"--awb-border-radius-top-left:0px;--awb-border-radius-top-right:0px;--awb-border-radius-bottom-right:0px;--awb-border-radius-bottom-left:0px;--awb-flex-wrap:wrap;\" ><div class=\"fusion-builder-row fusion-row\"><div class=\"fusion-layout-column fusion_builder_column fusion-builder-column-8 fusion_builder_column_1_1 1_1 fusion-one-full fusion-column-first fusion-column-last\" style=\"--awb-bg-size:cover;\"><div class=\"fusion-column-wrapper fusion-column-has-shadow fusion-flex-column-wrapper-legacy\"><div class=\"fusion-sep-clear\"><\/div><div class=\"fusion-separator fusion-full-width-sep\" style=\"margin-left: auto;margin-right: auto;margin-bottom:80px;width:100%;\"><\/div><div class=\"fusion-sep-clear\"><\/div><div class=\"fusion-clearfix\"><\/div><\/div><\/div><\/div><\/div><div class=\"fusion-fullwidth fullwidth-box fusion-builder-row-8 nonhundred-percent-fullwidth non-hundred-percent-height-scrolling\" style=\"--awb-border-radius-top-left:0px;--awb-border-radius-top-right:0px;--awb-border-radius-bottom-right:0px;--awb-border-radius-bottom-left:0px;--awb-padding-top:40px;--awb-margin-bottom:0px;--awb-background-color:#ffffff;--awb-flex-wrap:wrap;\" ><div class=\"fusion-builder-row fusion-row\"><div class=\"fusion-layout-column fusion_builder_column fusion-builder-column-9 fusion_builder_column_1_1 1_1 fusion-one-full fusion-column-first fusion-column-last\" style=\"--awb-bg-size:cover;\"><div class=\"fusion-column-wrapper fusion-column-has-shadow fusion-flex-column-wrapper-legacy\"><div class=\"fusion-text fusion-text-5\"><h2 class=\"fusion-responsive-typography-calculated\" style=\"text-align: center; text-transform: uppercase; color: #aaaaaa !important; --fontsize: 20; line-height: 1.5; --minfontsize: 20;\" data-fontsize=\"20\" data-lineheight=\"30px\">Projektpartner<\/h2>\n<\/div><div class=\"fusion-image-carousel fusion-image-carousel-fixed fusion-image-carousel-1\"><div class=\"awb-carousel awb-swiper awb-swiper-carousel awb-carousel--carousel awb-swiper-dots-position-bottom\" data-layout=\"carousel\" data-autoplay=\"no\" data-autoplayspeed=\"3000\" data-autoplaypause=\"no\" data-columns=\"3\" data-columnsmedium=\"1\" data-columnssmall=\"1\" data-itemmargin=\"26\" data-itemwidth=\"180\" data-touchscroll=\"no\" data-freemode=\"no\" data-imagesize=\"fixed\" data-scrollitems=\"0\" data-centeredslides=\"no\" data-rotationangle=\"50\" data-depth=\"100\" data-speed=\"500\" data-shadow=\"no\" data-pagination=\"bullets\" style=\"--awb-columns:3;--awb-column-spacing:26px;\"><div class=\"swiper-wrapper awb-image-carousel-wrapper fusion-flex-align-items-center\"><div class=\"swiper-slide\"><div class=\"fusion-carousel-item-wrapper\"><div class=\"fusion-image-wrapper hover-type-none\"><img decoding=\"async\" width=\"200\" height=\"80\" src=\"data:image\/svg+xml,%3Csvg%20xmlns%3D%27http%3A%2F%2Fwww.w3.org%2F2000%2Fsvg%27%20width%3D%27200%27%20height%3D%2780%27%20viewBox%3D%270%200%20200%2080%27%3E%3Crect%20width%3D%27200%27%20height%3D%2780%27%20fill-opacity%3D%220%22%2F%3E%3C%2Fsvg%3E\" data-orig-src=\"https:\/\/www.flynex.io\/wp-content\/uploads\/2020\/06\/nbs.jpg\" class=\"lazyload attachment-portfolio-two size-portfolio-two\" alt=\"NBS Northern Business School\" \/><\/div><\/div><\/div><div class=\"swiper-slide\"><div class=\"fusion-carousel-item-wrapper\"><div class=\"fusion-image-wrapper hover-type-none\"><a href=\"https:\/\/www.here.com\/\" target=\"_blank\" rel=\"noopener noreferrer\"><img decoding=\"async\" width=\"200\" height=\"80\" src=\"data:image\/svg+xml,%3Csvg%20xmlns%3D%27http%3A%2F%2Fwww.w3.org%2F2000%2Fsvg%27%20width%3D%27200%27%20height%3D%2780%27%20viewBox%3D%270%200%20200%2080%27%3E%3Crect%20width%3D%27200%27%20height%3D%2780%27%20fill-opacity%3D%220%22%2F%3E%3C%2Fsvg%3E\" data-orig-src=\"https:\/\/www.flynex.io\/wp-content\/uploads\/2020\/06\/here_logo.jpg\" class=\"lazyload attachment-portfolio-two size-portfolio-two\" alt=\"HERE Technologies\" \/><\/a><\/div><\/div><\/div><div class=\"swiper-slide\"><div class=\"fusion-carousel-item-wrapper\"><div class=\"fusion-image-wrapper hover-type-none\"><img decoding=\"async\" width=\"200\" height=\"80\" src=\"data:image\/svg+xml,%3Csvg%20xmlns%3D%27http%3A%2F%2Fwww.w3.org%2F2000%2Fsvg%27%20width%3D%27200%27%20height%3D%2780%27%20viewBox%3D%270%200%20200%2080%27%3E%3Crect%20width%3D%27200%27%20height%3D%2780%27%20fill-opacity%3D%220%22%2F%3E%3C%2Fsvg%3E\" data-orig-src=\"https:\/\/www.flynex.io\/wp-content\/uploads\/2020\/05\/bmvi-1.jpg\" class=\"lazyload attachment-portfolio-two size-portfolio-two\" alt=\"bmvi\" \/><\/div><\/div><\/div><\/div><\/div><\/div><div class=\"fusion-clearfix\"><\/div><\/div><\/div><\/div><\/div><\/p>\n","protected":false},"excerpt":{"rendered":"","protected":false},"author":1342,"featured_media":0,"parent":0,"menu_order":0,"comment_status":"closed","ping_status":"closed","template":"100-width.php","meta":{"footnotes":""},"class_list":["post-4885","page","type-page","status-publish","hentry"],"yoast_head":"<!-- This site is optimized with the Yoast SEO plugin v26.1.1 - https:\/\/yoast.com\/wordpress\/plugins\/seo\/ -->\n<title>Projekt DaViLuS<\/title>\n<meta name=\"description\" content=\"DaViLuS steht f\u00fcr Datenvisualisierung von Luftraumstruktur. Die erste 3D-Karte von Deutschland f\u00fcr den unteren Luftraum. Entwickelt von FlyNex, HERE und NBS\" \/>\n<meta name=\"robots\" content=\"index, follow, max-snippet:-1, max-image-preview:large, max-video-preview:-1\" \/>\n<link rel=\"canonical\" href=\"https:\/\/www.flynex.io\/de\/projekt-davilus\/\" \/>\n<meta property=\"og:locale\" content=\"de_DE\" \/>\n<meta property=\"og:type\" content=\"article\" \/>\n<meta property=\"og:title\" content=\"Projekt DaViLuS\" \/>\n<meta property=\"og:description\" content=\"DaViLuS steht f\u00fcr Datenvisualisierung von Luftraumstruktur. Die erste 3D-Karte von Deutschland f\u00fcr den unteren Luftraum. Entwickelt von FlyNex, HERE und NBS\" \/>\n<meta property=\"og:url\" content=\"https:\/\/www.flynex.io\/de\/projekt-davilus\/\" \/>\n<meta property=\"og:site_name\" content=\"FlyNex\" \/>\n<meta property=\"article:publisher\" content=\"https:\/\/www.facebook.com\/flynex.io\/\" \/>\n<meta property=\"article:modified_time\" content=\"2023-03-09T16:08:13+00:00\" \/>\n<meta name=\"twitter:card\" content=\"summary_large_image\" \/>\n<meta name=\"twitter:site\" content=\"@FlyNex_io\" \/>\n<meta name=\"twitter:label1\" content=\"Gesch\u00e4tzte Lesezeit\" \/>\n\t<meta name=\"twitter:data1\" content=\"13\u00a0Minuten\" \/>\n<script type=\"application\/ld+json\" class=\"yoast-schema-graph\">{\"@context\":\"https:\/\/schema.org\",\"@graph\":[{\"@type\":\"WebPage\",\"@id\":\"https:\/\/www.flynex.io\/de\/projekt-davilus\/\",\"url\":\"https:\/\/www.flynex.io\/de\/projekt-davilus\/\",\"name\":\"Projekt DaViLuS\",\"isPartOf\":{\"@id\":\"https:\/\/live-new03.flynex.io\/en\/#website\"},\"datePublished\":\"2020-06-29T10:00:59+00:00\",\"dateModified\":\"2023-03-09T16:08:13+00:00\",\"description\":\"DaViLuS steht f\u00fcr Datenvisualisierung von Luftraumstruktur. Die erste 3D-Karte von Deutschland f\u00fcr den unteren Luftraum. Entwickelt von FlyNex, HERE und NBS\",\"breadcrumb\":{\"@id\":\"https:\/\/www.flynex.io\/de\/projekt-davilus\/#breadcrumb\"},\"inLanguage\":\"de\",\"potentialAction\":[{\"@type\":\"ReadAction\",\"target\":[\"https:\/\/www.flynex.io\/de\/projekt-davilus\/\"]}]},{\"@type\":\"BreadcrumbList\",\"@id\":\"https:\/\/www.flynex.io\/de\/projekt-davilus\/#breadcrumb\",\"itemListElement\":[{\"@type\":\"ListItem\",\"position\":1,\"name\":\"Home\",\"item\":\"https:\/\/www.flynex.io\/de\/\"},{\"@type\":\"ListItem\",\"position\":2,\"name\":\"Projekt DaViLuS\"}]},{\"@type\":\"WebSite\",\"@id\":\"https:\/\/live-new03.flynex.io\/en\/#website\",\"url\":\"https:\/\/live-new03.flynex.io\/en\/\",\"name\":\"FlyNex\",\"description\":\"Drone Data &amp; Workflow Solution\",\"publisher\":{\"@id\":\"https:\/\/live-new03.flynex.io\/en\/#organization\"},\"potentialAction\":[{\"@type\":\"SearchAction\",\"target\":{\"@type\":\"EntryPoint\",\"urlTemplate\":\"https:\/\/live-new03.flynex.io\/en\/?s={search_term_string}\"},\"query-input\":{\"@type\":\"PropertyValueSpecification\",\"valueRequired\":true,\"valueName\":\"search_term_string\"}}],\"inLanguage\":\"de\"},{\"@type\":\"Organization\",\"@id\":\"https:\/\/live-new03.flynex.io\/en\/#organization\",\"name\":\"FlyNex\",\"url\":\"https:\/\/live-new03.flynex.io\/en\/\",\"logo\":{\"@type\":\"ImageObject\",\"inLanguage\":\"de\",\"@id\":\"https:\/\/live-new03.flynex.io\/en\/#\/schema\/logo\/image\/\",\"url\":\"https:\/\/www.flynex.io\/wp-content\/uploads\/2020\/06\/FlyNex_logo_blue.png\",\"contentUrl\":\"https:\/\/www.flynex.io\/wp-content\/uploads\/2020\/06\/FlyNex_logo_blue.png\",\"width\":5257,\"height\":1000,\"caption\":\"FlyNex\"},\"image\":{\"@id\":\"https:\/\/live-new03.flynex.io\/en\/#\/schema\/logo\/image\/\"},\"sameAs\":[\"https:\/\/www.facebook.com\/flynex.io\/\",\"https:\/\/x.com\/FlyNex_io\",\"https:\/\/www.instagram.com\/flynex.io\/\",\"https:\/\/www.linkedin.com\/company\/flynex-gmbh\/\",\"https:\/\/www.youtube.com\/channel\/UCRPBL25qUpiZ49nZpqPPnNQ\"]}]}<\/script>\n<!-- \/ Yoast SEO plugin. -->","yoast_head_json":{"title":"Projekt DaViLuS","description":"DaViLuS steht f\u00fcr Datenvisualisierung von Luftraumstruktur. Die erste 3D-Karte von Deutschland f\u00fcr den unteren Luftraum. Entwickelt von FlyNex, HERE und NBS","robots":{"index":"index","follow":"follow","max-snippet":"max-snippet:-1","max-image-preview":"max-image-preview:large","max-video-preview":"max-video-preview:-1"},"canonical":"https:\/\/www.flynex.io\/de\/projekt-davilus\/","og_locale":"de_DE","og_type":"article","og_title":"Projekt DaViLuS","og_description":"DaViLuS steht f\u00fcr Datenvisualisierung von Luftraumstruktur. Die erste 3D-Karte von Deutschland f\u00fcr den unteren Luftraum. Entwickelt von FlyNex, HERE und NBS","og_url":"https:\/\/www.flynex.io\/de\/projekt-davilus\/","og_site_name":"FlyNex","article_publisher":"https:\/\/www.facebook.com\/flynex.io\/","article_modified_time":"2023-03-09T16:08:13+00:00","twitter_card":"summary_large_image","twitter_site":"@FlyNex_io","twitter_misc":{"Gesch\u00e4tzte Lesezeit":"13\u00a0Minuten"},"schema":{"@context":"https:\/\/schema.org","@graph":[{"@type":"WebPage","@id":"https:\/\/www.flynex.io\/de\/projekt-davilus\/","url":"https:\/\/www.flynex.io\/de\/projekt-davilus\/","name":"Projekt DaViLuS","isPartOf":{"@id":"https:\/\/live-new03.flynex.io\/en\/#website"},"datePublished":"2020-06-29T10:00:59+00:00","dateModified":"2023-03-09T16:08:13+00:00","description":"DaViLuS steht f\u00fcr Datenvisualisierung von Luftraumstruktur. Die erste 3D-Karte von Deutschland f\u00fcr den unteren Luftraum. Entwickelt von FlyNex, HERE und NBS","breadcrumb":{"@id":"https:\/\/www.flynex.io\/de\/projekt-davilus\/#breadcrumb"},"inLanguage":"de","potentialAction":[{"@type":"ReadAction","target":["https:\/\/www.flynex.io\/de\/projekt-davilus\/"]}]},{"@type":"BreadcrumbList","@id":"https:\/\/www.flynex.io\/de\/projekt-davilus\/#breadcrumb","itemListElement":[{"@type":"ListItem","position":1,"name":"Home","item":"https:\/\/www.flynex.io\/de\/"},{"@type":"ListItem","position":2,"name":"Projekt DaViLuS"}]},{"@type":"WebSite","@id":"https:\/\/live-new03.flynex.io\/en\/#website","url":"https:\/\/live-new03.flynex.io\/en\/","name":"FlyNex","description":"Drone Data &amp; Workflow Solution","publisher":{"@id":"https:\/\/live-new03.flynex.io\/en\/#organization"},"potentialAction":[{"@type":"SearchAction","target":{"@type":"EntryPoint","urlTemplate":"https:\/\/live-new03.flynex.io\/en\/?s={search_term_string}"},"query-input":{"@type":"PropertyValueSpecification","valueRequired":true,"valueName":"search_term_string"}}],"inLanguage":"de"},{"@type":"Organization","@id":"https:\/\/live-new03.flynex.io\/en\/#organization","name":"FlyNex","url":"https:\/\/live-new03.flynex.io\/en\/","logo":{"@type":"ImageObject","inLanguage":"de","@id":"https:\/\/live-new03.flynex.io\/en\/#\/schema\/logo\/image\/","url":"https:\/\/www.flynex.io\/wp-content\/uploads\/2020\/06\/FlyNex_logo_blue.png","contentUrl":"https:\/\/www.flynex.io\/wp-content\/uploads\/2020\/06\/FlyNex_logo_blue.png","width":5257,"height":1000,"caption":"FlyNex"},"image":{"@id":"https:\/\/live-new03.flynex.io\/en\/#\/schema\/logo\/image\/"},"sameAs":["https:\/\/www.facebook.com\/flynex.io\/","https:\/\/x.com\/FlyNex_io","https:\/\/www.instagram.com\/flynex.io\/","https:\/\/www.linkedin.com\/company\/flynex-gmbh\/","https:\/\/www.youtube.com\/channel\/UCRPBL25qUpiZ49nZpqPPnNQ"]}]}},"_links":{"self":[{"href":"https:\/\/www.flynex.io\/de\/wp-json\/wp\/v2\/pages\/4885","targetHints":{"allow":["GET"]}}],"collection":[{"href":"https:\/\/www.flynex.io\/de\/wp-json\/wp\/v2\/pages"}],"about":[{"href":"https:\/\/www.flynex.io\/de\/wp-json\/wp\/v2\/types\/page"}],"author":[{"embeddable":true,"href":"https:\/\/www.flynex.io\/de\/wp-json\/wp\/v2\/users\/1342"}],"replies":[{"embeddable":true,"href":"https:\/\/www.flynex.io\/de\/wp-json\/wp\/v2\/comments?post=4885"}],"version-history":[{"count":7,"href":"https:\/\/www.flynex.io\/de\/wp-json\/wp\/v2\/pages\/4885\/revisions"}],"predecessor-version":[{"id":33391,"href":"https:\/\/www.flynex.io\/de\/wp-json\/wp\/v2\/pages\/4885\/revisions\/33391"}],"wp:attachment":[{"href":"https:\/\/www.flynex.io\/de\/wp-json\/wp\/v2\/media?parent=4885"}],"curies":[{"name":"wp","href":"https:\/\/api.w.org\/{rel}","templated":true}]}}