{"id":33821,"date":"2023-08-17T15:15:21","date_gmt":"2023-08-17T13:15:21","guid":{"rendered":"https:\/\/www.flynex.io\/?page_id=33821"},"modified":"2023-08-17T15:56:59","modified_gmt":"2023-08-17T13:56:59","slug":"vertrieb-kontaktieren","status":"publish","type":"page","link":"https:\/\/www.flynex.io\/de\/vertrieb-kontaktieren\/","title":{"rendered":"Vertrieb kontaktieren"},"content":{"rendered":"<div class=\"fusion-fullwidth fullwidth-box fusion-builder-row-1 fusion-flex-container has-pattern-background has-mask-background fusion-parallax-fixed nonhundred-percent-fullwidth non-hundred-percent-height-scrolling\" style=\"--awb-border-radius-top-left:0px;--awb-border-radius-top-right:0px;--awb-border-radius-bottom-right:0px;--awb-border-radius-bottom-left:0px;--awb-padding-top:80px;--awb-padding-right:60px;--awb-padding-bottom:100px;--awb-padding-left:60px;--awb-padding-top-small:100px;--awb-padding-right-small:20px;--awb-padding-left-small:20px;--awb-margin-top:-100px;--awb-background-image:linear-gradient(180deg, rgba(255,255,255,0) 0%,rgba(18,71,99,0.8) 100%),url(https:\/\/www.flynex.io\/wp-content\/uploads\/2023\/08\/FlyNex-Website-Header_5.png);;--awb-background-size:cover;--awb-flex-wrap:wrap;background-attachment:fixed;\" data-preload-img=\"https:\/\/www.flynex.io\/wp-content\/uploads\/2023\/08\/FlyNex-Website-Header_5.png\" ><div class=\"fusion-builder-row fusion-row fusion-flex-align-items-center fusion-flex-justify-content-center fusion-flex-content-wrap\" style=\"max-width:1248px;margin-left: calc(-4% \/ 2 );margin-right: calc(-4% \/ 2 );\"><div class=\"fusion-layout-column fusion_builder_column fusion-builder-column-0 fusion_builder_column_3_4 3_4 fusion-flex-column fusion-animated\" style=\"--awb-padding-top:40px;--awb-padding-right:60px;--awb-padding-left:60px;--awb-padding-right-medium:40px;--awb-padding-left-medium:40px;--awb-padding-right-small:20px;--awb-padding-left-small:20px;--awb-overflow:hidden;--awb-bg-color:var(--awb-color2);--awb-bg-color-hover:var(--awb-color2);--awb-bg-size:cover;--awb-border-radius:2px 2px 2px 2px;--awb-width-large:75%;--awb-margin-top-large:0px;--awb-spacing-right-large:2.56%;--awb-margin-bottom-large:19px;--awb-spacing-left-large:2.56%;--awb-width-medium:80%;--awb-order-medium:0;--awb-spacing-right-medium:2.4%;--awb-spacing-left-medium:2.4%;--awb-width-small:100%;--awb-order-small:0;--awb-spacing-right-small:1.92%;--awb-spacing-left-small:1.92%;\" data-animationType=\"zoomIn\" data-animationDuration=\"1.0\" data-animationOffset=\"top-into-view\"><div class=\"fusion-column-wrapper fusion-column-has-shadow fusion-flex-justify-content-flex-start fusion-content-layout-column\"><div class=\"fusion-title title fusion-title-1 fusion-sep-none fusion-title-center fusion-title-text fusion-title-size-one\" style=\"--awb-margin-bottom:5px;--awb-font-size:var(--awb-typography2-font-size);\"><h1 class=\"fusion-title-heading title-heading-center fusion-responsive-typography-calculated\" style=\"font-family:var(--awb-typography2-font-family);font-weight:var(--awb-typography2-font-weight);font-style:var(--awb-typography2-font-style);margin:0;letter-spacing:var(--awb-typography2-letter-spacing);text-transform:var(--awb-typography2-text-transform);font-size:1em;--fontSize:40;line-height:var(--awb-typography2-line-height);\">Lassen Sie uns sprechen.<\/h1><\/div><div class=\"fusion-title title fusion-title-2 fusion-sep-none fusion-title-center fusion-title-text fusion-title-size-two\" style=\"--awb-text-color:var(--awb-color5);--awb-font-size:var(--awb-typography5-font-size);\"><h2 class=\"fusion-title-heading title-heading-center fusion-responsive-typography-calculated\" style=\"font-family:var(--awb-typography5-font-family);font-weight:var(--awb-typography5-font-weight);font-style:var(--awb-typography5-font-style);margin:0;letter-spacing:var(--awb-typography5-letter-spacing);text-transform:var(--awb-typography5-text-transform);font-size:1em;--fontSize:18;line-height:var(--awb-typography5-line-height);\">Finden Sie heraus, warum namhafte Unternehmen wie 50Hertz, ISS und NetzeBW auf die L\u00f6sungen und Services von FlyNex setzen.<\/h2><\/div><div class=\"fusion-text fusion-text-1\" style=\"--awb-font-size:var(--awb-custom_typography_3-font-size);--awb-line-height:var(--awb-custom_typography_3-line-height);--awb-letter-spacing:var(--awb-custom_typography_3-letter-spacing);--awb-text-transform:var(--awb-custom_typography_3-text-transform);--awb-text-color:var(--awb-color5);--awb-margin-right:20px;--awb-margin-left:20px;--awb-text-font-family:var(--awb-custom_typography_3-font-family);--awb-text-font-weight:var(--awb-custom_typography_3-font-weight);--awb-text-font-style:var(--awb-custom_typography_3-font-style);\"><p style=\"text-align: center;\">Unser Team steht Ihnen gerne zur Seite, um Ihre Fragen zu beantworten, ma\u00dfgeschneiderte L\u00f6sungen zu finden und gemeinsam Chancen zu erkunden. Ihr Erfolg ist unsere Priorit\u00e4t!<\/p>\n<p style=\"text-align: center;\"><span style=\"color: var(--awb-text-color); font-family: var(--awb-custom_typography_3-font-family); font-size: 1em; font-style: var(--awb-custom_typography_3-font-style); font-weight: var(--awb-custom_typography_3-font-weight); letter-spacing: var(--awb-custom_typography_3-letter-spacing); text-transform: var(--awb-custom_typography_3-text-transform); background-color: var(--awb-bg-color);\">Wir freuen uns, von Ihnen zu h\u00f6ren!<\/span><\/p>\n<\/div><div class=\"fusion-text fusion-text-2\"><div align=\"center\" class=\"direct-form-wrapper\">\n\n    <!--<div id=\"counter_fields\" style=\"color: red;\"><\/div>\n    <div id=\"counter_terms\" style=\"color: magenta;\"><\/div>-->\n\n    <form name=\"direct_form_formular\"\n          id=\"direct_form_formular\"\n          class=\"direct_form_formular\"\n          action=\"https:\/\/www.flynex.io\/wp-content\/plugins\/fn-forms\/unified.php\"\n          method=\"POST\">\n\n            <p class=\"form-field-wrapper\">\n                <input type=\"text\" name=\"internal_lead_value\" value=\"\">\n            <\/p>\n\n            <input type=\"hidden\" name=\"form_type\" value=\"contact_direct\">\n            <input type=\"hidden\" name=\"internal_lead_no\" value=\"aXMwbmpTTFZmRnJnY1NBQVkrYVp1dz09OjqHG9qNqpIc2P0guh4V1Red\" \/>\n            <input type=\"hidden\" name=\"url\" value=\"https:\/\/www.flynex.io\/de\/wp-json\/wp\/v2\/pages\/33821\">\n            <input type=\"hidden\" name=\"source\" value=\"10\">\n            <input type=\"hidden\" name=\"topic\" value=\"\">\n            <input type=\"hidden\" name=\"automail\" value=\"\">\n            <input type=\"hidden\" name=\"notiz\" value=\"\">\n            <input type=\"hidden\" name=\"mailsubject\" value=\"\">\n            <input type=\"hidden\" name=\"recipient\" value=\"\">\n            <input type=\"hidden\" name=\"cnftext\" value=\"Vielen Dank f\u00fcr Ihre Anfrage! Wir werden uns schnellstm\u00f6glich bei Ihnen melden.\">\n            <input type=\"hidden\" name=\"checkoutpage\" value=\"\">\n            <input type=\"hidden\" name=\"attachment\" value=\"\">\n            <input type=\"hidden\" name=\"sandbox\" value=\"\">\n            <input type=\"hidden\" name=\"lang\" value=\"de\">\n            <input type=\"hidden\" name=\"pagelink\" value=\"https:\/\/www.flynex.io\/de\/wp-json\/wp\/v2\/pages\/33821\"><!---->\n            <input type=\"hidden\" name=\"utmsource\" value=\"\">\n            <input type=\"hidden\" name=\"utmcampaign\" value=\"\">\n            <input type=\"hidden\" name=\"pricing\" value=\"\">\n            <input type=\"hidden\" name=\"landingpage_request\" value=\"\">\n            <input type=\"hidden\" name=\"sales_request\" value=\"\">\n            <input type=\"hidden\" name=\"meeting_request\" value=\"Yes\">\n            <input type=\"hidden\" name=\"direct_contact\" value=\"\">\n            <input type=\"hidden\" name=\"wp_regulations\" value=\"\">\n            <input type=\"hidden\" name=\"wp_geosphere\" value=\"\">\n            <input type=\"hidden\" name=\"wp_uspace\" value=\"\">\n            <input type=\"hidden\" name=\"wp_droneoperations\" value=\"\">\n            <input type=\"hidden\" name=\"guide_droneop\" value=\"\">\n\n            <input type=\"hidden\" name=\"wp_report2020\" value=\"\">\n            <input type=\"hidden\" name=\"pdf_energy\" value=\"\">\n            <input type=\"hidden\" name=\"pdf_construction\" value=\"\">\n            <input type=\"hidden\" name=\"pdf_realestate\" value=\"\">\n            <input type=\"hidden\" name=\"pdf_telecommunications\" value=\"\">\n            <input type=\"hidden\" name=\"infomaterial_request\" value=\"\">\n\n            <p>\n                <input class=\"standard-form-field\"\n                       type=\"text\"\n                       id=\"direct_form_name\"\n                       name=\"direct_form_name\"\n                       placeholder=\"Name*\"\n                       required>\n            <\/p>\n\n            <p>\n                <input class=\"standard-form-field\"\n                       type=\"text\"\n                       id=\"direct_form_company\"\n                       name=\"direct_form_company\"\n                       placeholder=\"Firma*\"\n                       required>\n            <\/p>\n\n\n            <p class=\"form-field-wrapper\">\n                <input type=\"text\" name=\"PROOF_REQUEST\" value=\"\">\n            <\/p>\n<p>\n    <select name=\"direct_form_industry\" id=\"direct_form_industry\" form=\"direct_form_formular\" class=\"formselect\" required>\n        <option value=\"0\" disabled selected>W\u00e4hlen Sie Ihre Branche*<\/option>\n        <option value=\"1\">Energie<\/option>\n        <option value=\"2\">Architektur \/ Ingenieurwesen \/ Bau \/ Vermessung<\/option>\n        <option value=\"3\">Land- \/ Forstwirtschaft<\/option>\n        <option value=\"4\">Telekommunikation<\/option>\n        <option value=\"5\">Versicherung<\/option>\n        <option value=\"6\">Immobilien<\/option>\n        <option value=\"7\">Sonstiges<\/option>\n        <option value=\"8\">Nicht zutreffend<\/option>\n    <\/select>\n<\/p>\n<p>\n    <div class=\"reach-header\" id=\"reach_header\">Wie erreichen wir Sie am besten?*<\/div>\n    <div class=\"checkboxes-wrapper\">\n        <div class=\"checkbox-wrapper\">\n            <label class=\"container\">\n                <span class=\"title\">E-Mail-Adresse<\/span>\n                <input type=\"checkbox\"\n                       value=\"email\"\n                       name=\"direct_form_checkbox_email\"\n                       id=\"direct_form_checkbox_email\">\n                <span class=\"checkmark\" id=\"confirmmark\"><\/span>\n            <\/label>\n        <\/div>\n\n        <div class=\"checkbox-wrapper\">\n            <label class=\"container\">\n                <span class=\"title\">Telefonnummer<\/span>\n                <input type=\"checkbox\"\n                       value=\"phone\"\n                       name=\"direct_form_checkbox_phone\"\n                       id=\"direct_form_checkbox_phone\">\n                <span class=\"checkmark\" id=\"confirmmark\"><\/span>\n            <\/label>\n        <\/div>\n    <\/div>\n<\/p>\n\n<p id=\"direct_form_email_wrapper\">\n    <input class=\"standard-form-field\"\n           type=\"email\"\n           id=\"direct_form_email\"\n           name=\"direct_form_email\"\n           placeholder=\"E-Mail-Adresse*\"><!---->\n<\/p>\n\n<p id=\"direct_form_phone_wrapper\">\n    <input class=\"standard-form-field\"\n           type=\"text\"\n           id=\"direct_form_phone\"\n           name=\"direct_form_phone\"\n           placeholder=\"Telefonnummer*\"><!---->\n<\/p>\n<p class=\"request-wrapper\">\n    <textarea name=\"direct_form_request\"\n              id=\"direct_form_request\"\n              class=\"standard-form-field textarea\"\n              placeholder=\"Ihr Anliegen\"><\/textarea>\n<\/p>\n        <div align=\"center\">\n        <div id=\"confirmation\" style=\"max-width: 80%;\">\n        <p>\n            <label class=\"container\">\n                <span class=\"label-text\">\n                    Ich stimme den Bedingungen der\n                    <a href=\"https:\/\/www.flynex.io\/de\/datenschutzerklaerung\"\n                       target=\"_blank\">Datenschutz-<\/a> und\n                    <a href=\"https:\/\/www.flynex.io\/de\/agb\"\n                       target=\"_blank\">Nutzungsvereinbarung<\/a> von FlyNex zu.\n                <\/span>\n                <input type=\"checkbox\" id=\"directconfirmcheckbox\" name=\"directconfirmcheckbox\" required>\n                <span class=\"checkmark\" id=\"confirmmark\"><\/span>\n            <\/label>\n        <\/p>\n\n        <div id=\"directconfirmnote\" class=\"directconfirmnote\">\n            <span>Bitte best\u00e4tigen Sie die Bedingungen.<\/span>\n        <\/div>\n\n        <div id=\"directemptyfields\" class=\"directconfirmnote\">\n            <span>Bitte f\u00fcllen Sie alle Pflichtfelder aus.<\/span>\n        <\/div>\n\n    <\/div>\n<\/div>\n\n        <input id=\"direct-form-button\" name=\"submit\" type=\"submit\" value=\"Anfrage senden\">\n\n        <!-- disabled validateDirectForm();-->\n\n        <div id=\"pulse\" class=\"pulsebox\">\n            <div class=\"spinner-box\">\n                <div class=\"pulse-container\">\n                    <div class=\"pulse-bubble1 pulse-bubble-1\"><\/div>\n                    <div class=\"pulse-bubble2 pulse-bubble-2\"><\/div>\n                    <div class=\"pulse-bubble3 pulse-bubble-3\"><\/div>\n                    <div class=\"pulse-bubble4 pulse-bubble-4\"><\/div>\n                <\/div>\n            <\/div>\n        <\/div>\n\n        <div id=\"hidden\"><\/div>\n    <\/form>\n<\/div>\n<!--\n\nlang = de\nmeeting_request = Yes\nsource = 10\ntopic = \nbreite = \nrecipient = \nconfirmation = Vielen Dank f\u00fcr Ihre Anfrage! Wir werden uns schnellstm\u00f6glich bei Ihnen melden.\ncheckoutpage = \nsendbutton = Anfrage senden\nnotiz = \nsandbox = \npagelink = \npricing = \nwp_regulations = \nwp_geosphere = \nwp_uspace = \nwp_droneoperations = \nguide_droneop = \nsales_request = \ndirect_contact = \nautomail = \nsubject = \nattachment = \nlandingpage_request = \nwp_report2020 = \npdf_energy = \npdf_construction = \npdf_realestate = \npdf_telecommunications = \ninfomaterial_request = \ndownload_link = \ndownload_title = \n\n-->\n\n<\/div><\/div><\/div><\/div><\/div>\n","protected":false},"excerpt":{"rendered":"","protected":false},"author":1357,"featured_media":0,"parent":0,"menu_order":0,"comment_status":"closed","ping_status":"closed","template":"100-width.php","meta":{"footnotes":""},"class_list":["post-33821","page","type-page","status-publish","hentry"],"yoast_head":"<!-- This site is optimized with the Yoast SEO plugin v26.1.1 - https:\/\/yoast.com\/wordpress\/plugins\/seo\/ -->\n<title>Vertrieb kontaktieren | FlyNex<\/title>\n<meta name=\"description\" content=\"Unser Team steht Ihnen gerne zur Seite, um Ihre Fragen zu beantworten, ma\u00dfgeschneiderte L\u00f6sungen zu finden und gemeinsam Chancen zu erkunden.\" \/>\n<meta name=\"robots\" content=\"index, follow, max-snippet:-1, max-image-preview:large, max-video-preview:-1\" \/>\n<link rel=\"canonical\" href=\"https:\/\/www.flynex.io\/de\/vertrieb-kontaktieren\/\" \/>\n<meta property=\"og:locale\" content=\"de_DE\" \/>\n<meta property=\"og:type\" content=\"article\" \/>\n<meta property=\"og:title\" content=\"Vertrieb kontaktieren | FlyNex\" \/>\n<meta property=\"og:description\" content=\"Unser Team steht Ihnen gerne zur Seite, um Ihre Fragen zu beantworten, ma\u00dfgeschneiderte L\u00f6sungen zu finden und gemeinsam Chancen zu erkunden.\" \/>\n<meta property=\"og:url\" content=\"https:\/\/www.flynex.io\/de\/vertrieb-kontaktieren\/\" \/>\n<meta property=\"og:site_name\" content=\"FlyNex\" \/>\n<meta property=\"article:publisher\" content=\"https:\/\/www.facebook.com\/flynex.io\/\" \/>\n<meta property=\"article:modified_time\" content=\"2023-08-17T13:56:59+00:00\" \/>\n<meta name=\"twitter:card\" content=\"summary_large_image\" \/>\n<meta name=\"twitter:site\" content=\"@FlyNex_io\" \/>\n<meta name=\"twitter:label1\" content=\"Gesch\u00e4tzte Lesezeit\" \/>\n\t<meta name=\"twitter:data1\" content=\"3\u00a0Minuten\" \/>\n<script type=\"application\/ld+json\" class=\"yoast-schema-graph\">{\"@context\":\"https:\/\/schema.org\",\"@graph\":[{\"@type\":\"WebPage\",\"@id\":\"https:\/\/www.flynex.io\/de\/vertrieb-kontaktieren\/\",\"url\":\"https:\/\/www.flynex.io\/de\/vertrieb-kontaktieren\/\",\"name\":\"Vertrieb kontaktieren | FlyNex\",\"isPartOf\":{\"@id\":\"https:\/\/live-new03.flynex.io\/en\/#website\"},\"datePublished\":\"2023-08-17T13:15:21+00:00\",\"dateModified\":\"2023-08-17T13:56:59+00:00\",\"description\":\"Unser Team steht Ihnen gerne zur Seite, um Ihre Fragen zu beantworten, ma\u00dfgeschneiderte L\u00f6sungen zu finden und gemeinsam Chancen zu erkunden.\",\"breadcrumb\":{\"@id\":\"https:\/\/www.flynex.io\/de\/vertrieb-kontaktieren\/#breadcrumb\"},\"inLanguage\":\"de\",\"potentialAction\":[{\"@type\":\"ReadAction\",\"target\":[\"https:\/\/www.flynex.io\/de\/vertrieb-kontaktieren\/\"]}]},{\"@type\":\"BreadcrumbList\",\"@id\":\"https:\/\/www.flynex.io\/de\/vertrieb-kontaktieren\/#breadcrumb\",\"itemListElement\":[{\"@type\":\"ListItem\",\"position\":1,\"name\":\"Home\",\"item\":\"https:\/\/www.flynex.io\/de\/\"},{\"@type\":\"ListItem\",\"position\":2,\"name\":\"Vertrieb kontaktieren\"}]},{\"@type\":\"WebSite\",\"@id\":\"https:\/\/live-new03.flynex.io\/en\/#website\",\"url\":\"https:\/\/live-new03.flynex.io\/en\/\",\"name\":\"FlyNex\",\"description\":\"Drone Data &amp; Workflow Solution\",\"publisher\":{\"@id\":\"https:\/\/live-new03.flynex.io\/en\/#organization\"},\"potentialAction\":[{\"@type\":\"SearchAction\",\"target\":{\"@type\":\"EntryPoint\",\"urlTemplate\":\"https:\/\/live-new03.flynex.io\/en\/?s={search_term_string}\"},\"query-input\":{\"@type\":\"PropertyValueSpecification\",\"valueRequired\":true,\"valueName\":\"search_term_string\"}}],\"inLanguage\":\"de\"},{\"@type\":\"Organization\",\"@id\":\"https:\/\/live-new03.flynex.io\/en\/#organization\",\"name\":\"FlyNex\",\"url\":\"https:\/\/live-new03.flynex.io\/en\/\",\"logo\":{\"@type\":\"ImageObject\",\"inLanguage\":\"de\",\"@id\":\"https:\/\/live-new03.flynex.io\/en\/#\/schema\/logo\/image\/\",\"url\":\"https:\/\/www.flynex.io\/wp-content\/uploads\/2020\/06\/FlyNex_logo_blue.png\",\"contentUrl\":\"https:\/\/www.flynex.io\/wp-content\/uploads\/2020\/06\/FlyNex_logo_blue.png\",\"width\":5257,\"height\":1000,\"caption\":\"FlyNex\"},\"image\":{\"@id\":\"https:\/\/live-new03.flynex.io\/en\/#\/schema\/logo\/image\/\"},\"sameAs\":[\"https:\/\/www.facebook.com\/flynex.io\/\",\"https:\/\/x.com\/FlyNex_io\",\"https:\/\/www.instagram.com\/flynex.io\/\",\"https:\/\/www.linkedin.com\/company\/flynex-gmbh\/\",\"https:\/\/www.youtube.com\/channel\/UCRPBL25qUpiZ49nZpqPPnNQ\"]}]}<\/script>\n<!-- \/ Yoast SEO plugin. -->","yoast_head_json":{"title":"Vertrieb kontaktieren | FlyNex","description":"Unser Team steht Ihnen gerne zur Seite, um Ihre Fragen zu beantworten, ma\u00dfgeschneiderte L\u00f6sungen zu finden und gemeinsam Chancen zu erkunden.","robots":{"index":"index","follow":"follow","max-snippet":"max-snippet:-1","max-image-preview":"max-image-preview:large","max-video-preview":"max-video-preview:-1"},"canonical":"https:\/\/www.flynex.io\/de\/vertrieb-kontaktieren\/","og_locale":"de_DE","og_type":"article","og_title":"Vertrieb kontaktieren | FlyNex","og_description":"Unser Team steht Ihnen gerne zur Seite, um Ihre Fragen zu beantworten, ma\u00dfgeschneiderte L\u00f6sungen zu finden und gemeinsam Chancen zu erkunden.","og_url":"https:\/\/www.flynex.io\/de\/vertrieb-kontaktieren\/","og_site_name":"FlyNex","article_publisher":"https:\/\/www.facebook.com\/flynex.io\/","article_modified_time":"2023-08-17T13:56:59+00:00","twitter_card":"summary_large_image","twitter_site":"@FlyNex_io","twitter_misc":{"Gesch\u00e4tzte Lesezeit":"3\u00a0Minuten"},"schema":{"@context":"https:\/\/schema.org","@graph":[{"@type":"WebPage","@id":"https:\/\/www.flynex.io\/de\/vertrieb-kontaktieren\/","url":"https:\/\/www.flynex.io\/de\/vertrieb-kontaktieren\/","name":"Vertrieb kontaktieren | FlyNex","isPartOf":{"@id":"https:\/\/live-new03.flynex.io\/en\/#website"},"datePublished":"2023-08-17T13:15:21+00:00","dateModified":"2023-08-17T13:56:59+00:00","description":"Unser Team steht Ihnen gerne zur Seite, um Ihre Fragen zu beantworten, ma\u00dfgeschneiderte L\u00f6sungen zu finden und gemeinsam Chancen zu erkunden.","breadcrumb":{"@id":"https:\/\/www.flynex.io\/de\/vertrieb-kontaktieren\/#breadcrumb"},"inLanguage":"de","potentialAction":[{"@type":"ReadAction","target":["https:\/\/www.flynex.io\/de\/vertrieb-kontaktieren\/"]}]},{"@type":"BreadcrumbList","@id":"https:\/\/www.flynex.io\/de\/vertrieb-kontaktieren\/#breadcrumb","itemListElement":[{"@type":"ListItem","position":1,"name":"Home","item":"https:\/\/www.flynex.io\/de\/"},{"@type":"ListItem","position":2,"name":"Vertrieb kontaktieren"}]},{"@type":"WebSite","@id":"https:\/\/live-new03.flynex.io\/en\/#website","url":"https:\/\/live-new03.flynex.io\/en\/","name":"FlyNex","description":"Drone Data &amp; Workflow Solution","publisher":{"@id":"https:\/\/live-new03.flynex.io\/en\/#organization"},"potentialAction":[{"@type":"SearchAction","target":{"@type":"EntryPoint","urlTemplate":"https:\/\/live-new03.flynex.io\/en\/?s={search_term_string}"},"query-input":{"@type":"PropertyValueSpecification","valueRequired":true,"valueName":"search_term_string"}}],"inLanguage":"de"},{"@type":"Organization","@id":"https:\/\/live-new03.flynex.io\/en\/#organization","name":"FlyNex","url":"https:\/\/live-new03.flynex.io\/en\/","logo":{"@type":"ImageObject","inLanguage":"de","@id":"https:\/\/live-new03.flynex.io\/en\/#\/schema\/logo\/image\/","url":"https:\/\/www.flynex.io\/wp-content\/uploads\/2020\/06\/FlyNex_logo_blue.png","contentUrl":"https:\/\/www.flynex.io\/wp-content\/uploads\/2020\/06\/FlyNex_logo_blue.png","width":5257,"height":1000,"caption":"FlyNex"},"image":{"@id":"https:\/\/live-new03.flynex.io\/en\/#\/schema\/logo\/image\/"},"sameAs":["https:\/\/www.facebook.com\/flynex.io\/","https:\/\/x.com\/FlyNex_io","https:\/\/www.instagram.com\/flynex.io\/","https:\/\/www.linkedin.com\/company\/flynex-gmbh\/","https:\/\/www.youtube.com\/channel\/UCRPBL25qUpiZ49nZpqPPnNQ"]}]}},"_links":{"self":[{"href":"https:\/\/www.flynex.io\/de\/wp-json\/wp\/v2\/pages\/33821","targetHints":{"allow":["GET"]}}],"collection":[{"href":"https:\/\/www.flynex.io\/de\/wp-json\/wp\/v2\/pages"}],"about":[{"href":"https:\/\/www.flynex.io\/de\/wp-json\/wp\/v2\/types\/page"}],"author":[{"embeddable":true,"href":"https:\/\/www.flynex.io\/de\/wp-json\/wp\/v2\/users\/1357"}],"replies":[{"embeddable":true,"href":"https:\/\/www.flynex.io\/de\/wp-json\/wp\/v2\/comments?post=33821"}],"version-history":[{"count":7,"href":"https:\/\/www.flynex.io\/de\/wp-json\/wp\/v2\/pages\/33821\/revisions"}],"predecessor-version":[{"id":33851,"href":"https:\/\/www.flynex.io\/de\/wp-json\/wp\/v2\/pages\/33821\/revisions\/33851"}],"wp:attachment":[{"href":"https:\/\/www.flynex.io\/de\/wp-json\/wp\/v2\/media?parent=33821"}],"curies":[{"name":"wp","href":"https:\/\/api.w.org\/{rel}","templated":true}]}}