{"id":32574,"date":"2023-01-18T10:35:34","date_gmt":"2023-01-18T09:35:34","guid":{"rendered":"https:\/\/www.flynex.io\/?page_id=32574"},"modified":"2023-01-25T12:21:12","modified_gmt":"2023-01-25T11:21:12","slug":"marktueberblick-drohne-2020-download","status":"publish","type":"page","link":"https:\/\/www.flynex.io\/de\/whitepaper\/marktueberblick-drohne-2020-download\/","title":{"rendered":"Whitepaper Markt\u00fcberblick Drohne &#8211; PDF"},"content":{"rendered":"<div class=\"fusion-fullwidth fullwidth-box fusion-builder-row-1 fusion-flex-container has-pattern-background has-mask-background fusion-parallax-none nonhundred-percent-fullwidth non-hundred-percent-height-scrolling lazyload\" style=\"--awb-border-radius-top-left:0px;--awb-border-radius-top-right:0px;--awb-border-radius-bottom-right:0px;--awb-border-radius-bottom-left:0px;--awb-padding-top:150px;--awb-padding-bottom:90px;--awb-padding-top-medium:80px;--awb-padding-top-small:80px;--awb-margin-top:-100px;--awb-margin-bottom:0%;--awb-background-image:linear-gradient(180deg, rgba(255,255,255,0) 0%,rgba(18,71,99,0.5) 100%);;--awb-background-size:cover;--awb-flex-wrap:wrap;\" data-bg=\"https:\/\/www.flynex.io\/wp-content\/uploads\/2020\/06\/geosphere_header-bild.jpg\" data-bg-gradient=\"linear-gradient(180deg, rgba(255,255,255,0) 0%,rgba(18,71,99,0.5) 100%)\" ><div class=\"fusion-builder-row fusion-row fusion-flex-align-items-stretch fusion-flex-justify-content-space-around fusion-flex-content-wrap\" style=\"max-width:1248px;margin-left: calc(-4% \/ 2 );margin-right: calc(-4% \/ 2 );\"><div class=\"fusion-layout-column fusion_builder_column fusion-builder-column-0 fusion_builder_column_1_2 1_2 fusion-flex-column fusion-animated\" style=\"--awb-padding-top:60px;--awb-padding-right:60px;--awb-padding-bottom:60px;--awb-padding-left:60px;--awb-padding-top-small:40px;--awb-padding-right-small:20px;--awb-padding-bottom-small:40px;--awb-padding-left-small:20px;--awb-overflow:hidden;--awb-bg-image:linear-gradient(180deg, rgba(18,71,99,0.8) 0%,rgba(18,71,99,0.8) 100%);--awb-bg-size:cover;--awb-border-radius:2px 2px 2px 2px;--awb-width-large:50%;--awb-margin-top-large:0px;--awb-spacing-right-large:3.84%;--awb-margin-bottom-large:30px;--awb-spacing-left-large:3.84%;--awb-width-medium:80%;--awb-order-medium:0;--awb-spacing-right-medium:2.4%;--awb-spacing-left-medium:2.4%;--awb-width-small:100%;--awb-order-small:0;--awb-spacing-right-small:1.92%;--awb-spacing-left-small:1.92%;\" data-animationType=\"fadeInUp\" data-animationDuration=\"1.0\" data-animationOffset=\"top-into-view\"><div class=\"fusion-column-wrapper fusion-column-has-shadow fusion-flex-justify-content-center fusion-content-layout-column\"><div class=\"fusion-text fusion-text-1\" style=\"--awb-font-size:var(--awb-typography3-font-size);--awb-line-height:var(--awb-typography3-line-height);--awb-letter-spacing:var(--awb-typography3-letter-spacing);--awb-text-transform:var(--awb-typography3-text-transform);--awb-text-color:var(--awb-color3);--awb-text-font-family:var(--awb-typography3-font-family);--awb-text-font-weight:var(--awb-typography3-font-weight);--awb-text-font-style:var(--awb-typography3-font-style);\"><p style=\"text-align: center;\">Whitepaper<\/p>\n<\/div><div class=\"fusion-title title fusion-title-1 fusion-sep-none fusion-title-center fusion-title-text fusion-title-size-one\" style=\"--awb-text-color:var(--awb-color2);--awb-margin-bottom:30px;--awb-font-size:var(--awb-typography1-font-size);\"><h1 class=\"fusion-title-heading title-heading-center fusion-responsive-typography-calculated\" style=\"font-family:var(--awb-typography1-font-family);font-weight:var(--awb-typography1-font-weight);font-style:var(--awb-typography1-font-style);margin:0;letter-spacing:var(--awb-typography1-letter-spacing);text-transform:var(--awb-typography1-text-transform);font-size:1em;--fontSize:44;line-height:var(--awb-typography1-line-height);\">12 Datenfallen, die Ihre Effizienz ausbremsen!<\/h1><\/div><div class=\"fusion-builder-row fusion-builder-row-inner fusion-row fusion-flex-align-items-stretch fusion-flex-justify-content-space-around fusion-flex-content-wrap\" style=\"width:104% !important;max-width:104% !important;margin-left: calc(-4% \/ 2 );margin-right: calc(-4% \/ 2 );\"><div class=\"fusion-layout-column fusion_builder_column_inner fusion-builder-nested-column-0 fusion_builder_column_inner_1_1 1_1 fusion-flex-column\" style=\"--awb-padding-right:0px;--awb-padding-left:0px;--awb-bg-size:cover;--awb-width-large:100%;--awb-margin-top-large:0px;--awb-spacing-right-large:1.92%;--awb-margin-bottom-large:0px;--awb-spacing-left-large:1.92%;--awb-width-medium:100%;--awb-order-medium:0;--awb-spacing-right-medium:1.92%;--awb-spacing-left-medium:1.92%;--awb-width-small:100%;--awb-order-small:0;--awb-spacing-right-small:1.92%;--awb-spacing-left-small:1.92%;\"><div class=\"fusion-column-wrapper fusion-column-has-shadow fusion-flex-justify-content-flex-start fusion-content-layout-column\"><div class=\"fusion-text fusion-text-2\" style=\"--awb-font-size:var(--awb-custom_typography_3-font-size);--awb-line-height:var(--awb-custom_typography_3-line-height);--awb-letter-spacing:var(--awb-custom_typography_3-letter-spacing);--awb-text-transform:var(--awb-custom_typography_3-text-transform);--awb-text-color:var(--awb-color2);--awb-text-font-family:var(--awb-custom_typography_3-font-family);--awb-text-font-weight:var(--awb-custom_typography_3-font-weight);--awb-text-font-style:var(--awb-custom_typography_3-font-style);\"><p>\/\/Das Problem\/\/<br \/>\nIn nahezu jedem Unternehmen entstehen Datensilos \u2013 h\u00e4ufig unbemerkt, aber mit gravierenden Konsequenzen: Wichtige Informationen gehen verloren, Workflows kommen ins Stocken und Automatisierung bleibt fragmentarisch. Als Konsequenz: Verluste in Millionenh\u00f6he, aufgeschobene Entscheidungen und ein permanentes Ringen gegen Datenchaos.<\/p>\n<p>\/\/Ihr Vorteil\/\/<br \/>\nIn diesem Whitepaper katgorisieren wir erstmalig 12 h\u00e4ufigsten Datensilos, womit Sie einen eindeutigen \u00dcberblick \u00fcber alle Schwachstellen in Ihren Datenfl\u00fcssen erhalten. Sie sehen sofort, wo Handeln n\u00f6tig ist \u2013 und wie Sie mit einem 5-Phasen-Plan zielgerichtet gegensteuern k\u00f6nnen. Nutzen Sie die Vorteile von gesteigerter Transparenz und Effizienz sowie einer Datenbasis, die echte Automatisierung und Skalierung endlich erm\u00f6glicht.<\/p>\n<p>Beenden Sie das Datenblindflug. Identifizieren Sie Ihre 12 Silo-Bremsen und beginnen Sie eine neue \u00c4ra der Infrastruktur-Intelligenz.<\/p>\n<\/div><\/div><\/div><\/div><\/div><\/div>\n\n<div class=\"fusion-layout-column fusion_builder_column fusion-builder-column-1 fusion_builder_column_1_2 1_2 fusion-flex-column fusion-flex-align-self-stretch fusion-animated\" style=\"--awb-padding-top:50px;--awb-padding-right:50px;--awb-padding-bottom:20px;--awb-padding-left:50px;--awb-padding-right-small:20px;--awb-padding-left-small:20px;--awb-overflow:hidden;--awb-bg-color:var(--awb-color2);--awb-bg-color-hover:var(--awb-color2);--awb-bg-size:cover;--awb-border-radius:2px 2px 2px 2px;--awb-width-large:50%;--awb-margin-top-large:0px;--awb-spacing-right-large:3.84%;--awb-margin-bottom-large:30px;--awb-spacing-left-large:3.84%;--awb-width-medium:80%;--awb-order-medium:0;--awb-spacing-right-medium:2.4%;--awb-spacing-left-medium:2.4%;--awb-width-small:100%;--awb-order-small:0;--awb-spacing-right-small:1.92%;--awb-spacing-left-small:1.92%;\" data-animationType=\"fadeInDown\" data-animationDuration=\"1.0\" data-animationOffset=\"top-into-view\"><div class=\"fusion-column-wrapper fusion-column-has-shadow fusion-flex-justify-content-flex-start fusion-content-layout-column\"><div class=\"fusion-title title fusion-title-2 fusion-sep-none fusion-title-center fusion-title-text fusion-title-size-one\" style=\"--awb-text-color:var(--awb-color5);--awb-margin-bottom:20px;--awb-font-size:var(--awb-typography3-font-size);\"><h1 class=\"fusion-title-heading title-heading-center fusion-responsive-typography-calculated\" style=\"font-family:var(--awb-typography3-font-family);font-weight:var(--awb-typography3-font-weight);font-style:var(--awb-typography3-font-style);margin:0;letter-spacing:var(--awb-typography3-letter-spacing);text-transform:var(--awb-typography3-text-transform);font-size:1em;--fontSize:24;line-height:var(--awb-typography3-line-height);\">Vielen Dank f\u00fcr Ihr Interesse!<\/h1><\/div><div style=\"text-align:center;\"><a class=\"fusion-button button-flat button-large button-custom fusion-button-default button-1 fusion-button-default-span fusion-button-default-type\" style=\"--button_accent_color:#ffffff;--button_border_color:var(--awb-custom_color_1);--button_accent_hover_color:#ffffff;--button_border_hover_color:#b77733;--button_border_width-top:2px;--button_border_width-right:2px;--button_border_width-bottom:2px;--button_border_width-left:2px;--button_gradient_top_color:var(--awb-custom_color_1);--button_gradient_bottom_color:var(--awb-custom_color_1);--button_gradient_top_color_hover:#b77733;--button_gradient_bottom_color_hover:#b77733;\" target=\"_blank\" rel=\"noopener noreferrer\" href=\"https:\/\/www.flynex.io\/wp-content\/uploads\/2023\/01\/FlyNex_DroneTech-Report_2020_web_DE.pdf\"><span class=\"fusion-button-text awb-button__text awb-button__text--default\">Zum PDF<\/span><\/a><\/div><\/div><\/div><\/div><\/div>\n","protected":false},"excerpt":{"rendered":"","protected":false},"author":1342,"featured_media":18807,"parent":28417,"menu_order":0,"comment_status":"closed","ping_status":"closed","template":"100-width.php","meta":{"footnotes":""},"class_list":["post-32574","page","type-page","status-publish","has-post-thumbnail","hentry"],"yoast_head":"<!-- This site is optimized with the Yoast SEO plugin v26.1.1 - https:\/\/yoast.com\/wordpress\/plugins\/seo\/ -->\n<title>Whitepaper - Markt\u00fcberblick Drohne 2020 | FlyNex<\/title>\n<meta name=\"robots\" content=\"noindex, nofollow\" \/>\n<meta property=\"og:locale\" content=\"de_DE\" \/>\n<meta property=\"og:type\" content=\"article\" \/>\n<meta property=\"og:title\" content=\"Whitepaper - Markt\u00fcberblick Drohne 2020 | FlyNex\" \/>\n<meta property=\"og:url\" content=\"https:\/\/www.flynex.io\/de\/whitepaper\/marktueberblick-drohne-2020-download\/\" \/>\n<meta property=\"og:site_name\" content=\"FlyNex\" \/>\n<meta property=\"article:publisher\" content=\"https:\/\/www.facebook.com\/flynex.io\/\" \/>\n<meta property=\"article:modified_time\" content=\"2023-01-25T11:21:12+00:00\" \/>\n<meta property=\"og:image\" content=\"https:\/\/www.flynex.io\/wp-content\/uploads\/2021\/11\/geosphere_de.png\" \/>\n\t<meta property=\"og:image:width\" content=\"466\" \/>\n\t<meta property=\"og:image:height\" content=\"444\" \/>\n\t<meta property=\"og:image:type\" content=\"image\/png\" \/>\n<meta name=\"twitter:card\" content=\"summary_large_image\" \/>\n<meta name=\"twitter:site\" content=\"@FlyNex_io\" \/>\n<meta name=\"twitter:label1\" content=\"Gesch\u00e4tzte Lesezeit\" \/>\n\t<meta name=\"twitter:data1\" content=\"5\u00a0Minuten\" \/>\n<script type=\"application\/ld+json\" class=\"yoast-schema-graph\">{\"@context\":\"https:\/\/schema.org\",\"@graph\":[{\"@type\":\"WebPage\",\"@id\":\"https:\/\/www.flynex.io\/de\/whitepaper\/marktueberblick-drohne-2020-download\/\",\"url\":\"https:\/\/www.flynex.io\/de\/whitepaper\/marktueberblick-drohne-2020-download\/\",\"name\":\"Whitepaper - Markt\u00fcberblick Drohne 2020 | FlyNex\",\"isPartOf\":{\"@id\":\"https:\/\/live-new03.flynex.io\/en\/#website\"},\"primaryImageOfPage\":{\"@id\":\"https:\/\/www.flynex.io\/de\/whitepaper\/marktueberblick-drohne-2020-download\/#primaryimage\"},\"image\":{\"@id\":\"https:\/\/www.flynex.io\/de\/whitepaper\/marktueberblick-drohne-2020-download\/#primaryimage\"},\"thumbnailUrl\":\"https:\/\/www.flynex.io\/wp-content\/uploads\/2021\/11\/geosphere_de.png\",\"datePublished\":\"2023-01-18T09:35:34+00:00\",\"dateModified\":\"2023-01-25T11:21:12+00:00\",\"breadcrumb\":{\"@id\":\"https:\/\/www.flynex.io\/de\/whitepaper\/marktueberblick-drohne-2020-download\/#breadcrumb\"},\"inLanguage\":\"de\",\"potentialAction\":[{\"@type\":\"ReadAction\",\"target\":[\"https:\/\/www.flynex.io\/de\/whitepaper\/marktueberblick-drohne-2020-download\/\"]}]},{\"@type\":\"ImageObject\",\"inLanguage\":\"de\",\"@id\":\"https:\/\/www.flynex.io\/de\/whitepaper\/marktueberblick-drohne-2020-download\/#primaryimage\",\"url\":\"https:\/\/www.flynex.io\/wp-content\/uploads\/2021\/11\/geosphere_de.png\",\"contentUrl\":\"https:\/\/www.flynex.io\/wp-content\/uploads\/2021\/11\/geosphere_de.png\",\"width\":466,\"height\":444,\"caption\":\"FlyNex Whitepaper Geodaten\"},{\"@type\":\"BreadcrumbList\",\"@id\":\"https:\/\/www.flynex.io\/de\/whitepaper\/marktueberblick-drohne-2020-download\/#breadcrumb\",\"itemListElement\":[{\"@type\":\"ListItem\",\"position\":1,\"name\":\"Home\",\"item\":\"https:\/\/www.flynex.io\/de\/\"},{\"@type\":\"ListItem\",\"position\":2,\"name\":\"Whitepaper\",\"item\":\"https:\/\/www.flynex.io\/de\/white-papers\/\"},{\"@type\":\"ListItem\",\"position\":3,\"name\":\"Whitepaper Markt\u00fcberblick Drohne &#8211; PDF\"}]},{\"@type\":\"WebSite\",\"@id\":\"https:\/\/live-new03.flynex.io\/en\/#website\",\"url\":\"https:\/\/live-new03.flynex.io\/en\/\",\"name\":\"FlyNex\",\"description\":\"Drone Data &amp; Workflow Solution\",\"publisher\":{\"@id\":\"https:\/\/live-new03.flynex.io\/en\/#organization\"},\"potentialAction\":[{\"@type\":\"SearchAction\",\"target\":{\"@type\":\"EntryPoint\",\"urlTemplate\":\"https:\/\/live-new03.flynex.io\/en\/?s={search_term_string}\"},\"query-input\":{\"@type\":\"PropertyValueSpecification\",\"valueRequired\":true,\"valueName\":\"search_term_string\"}}],\"inLanguage\":\"de\"},{\"@type\":\"Organization\",\"@id\":\"https:\/\/live-new03.flynex.io\/en\/#organization\",\"name\":\"FlyNex\",\"url\":\"https:\/\/live-new03.flynex.io\/en\/\",\"logo\":{\"@type\":\"ImageObject\",\"inLanguage\":\"de\",\"@id\":\"https:\/\/live-new03.flynex.io\/en\/#\/schema\/logo\/image\/\",\"url\":\"https:\/\/www.flynex.io\/wp-content\/uploads\/2020\/06\/FlyNex_logo_blue.png\",\"contentUrl\":\"https:\/\/www.flynex.io\/wp-content\/uploads\/2020\/06\/FlyNex_logo_blue.png\",\"width\":5257,\"height\":1000,\"caption\":\"FlyNex\"},\"image\":{\"@id\":\"https:\/\/live-new03.flynex.io\/en\/#\/schema\/logo\/image\/\"},\"sameAs\":[\"https:\/\/www.facebook.com\/flynex.io\/\",\"https:\/\/x.com\/FlyNex_io\",\"https:\/\/www.instagram.com\/flynex.io\/\",\"https:\/\/www.linkedin.com\/company\/flynex-gmbh\/\",\"https:\/\/www.youtube.com\/channel\/UCRPBL25qUpiZ49nZpqPPnNQ\"]}]}<\/script>\n<!-- \/ Yoast SEO plugin. -->","yoast_head_json":{"title":"Whitepaper - Markt\u00fcberblick Drohne 2020 | FlyNex","robots":{"index":"noindex","follow":"nofollow"},"og_locale":"de_DE","og_type":"article","og_title":"Whitepaper - Markt\u00fcberblick Drohne 2020 | FlyNex","og_url":"https:\/\/www.flynex.io\/de\/whitepaper\/marktueberblick-drohne-2020-download\/","og_site_name":"FlyNex","article_publisher":"https:\/\/www.facebook.com\/flynex.io\/","article_modified_time":"2023-01-25T11:21:12+00:00","og_image":[{"width":466,"height":444,"url":"https:\/\/www.flynex.io\/wp-content\/uploads\/2021\/11\/geosphere_de.png","type":"image\/png"}],"twitter_card":"summary_large_image","twitter_site":"@FlyNex_io","twitter_misc":{"Gesch\u00e4tzte Lesezeit":"5\u00a0Minuten"},"schema":{"@context":"https:\/\/schema.org","@graph":[{"@type":"WebPage","@id":"https:\/\/www.flynex.io\/de\/whitepaper\/marktueberblick-drohne-2020-download\/","url":"https:\/\/www.flynex.io\/de\/whitepaper\/marktueberblick-drohne-2020-download\/","name":"Whitepaper - Markt\u00fcberblick Drohne 2020 | FlyNex","isPartOf":{"@id":"https:\/\/live-new03.flynex.io\/en\/#website"},"primaryImageOfPage":{"@id":"https:\/\/www.flynex.io\/de\/whitepaper\/marktueberblick-drohne-2020-download\/#primaryimage"},"image":{"@id":"https:\/\/www.flynex.io\/de\/whitepaper\/marktueberblick-drohne-2020-download\/#primaryimage"},"thumbnailUrl":"https:\/\/www.flynex.io\/wp-content\/uploads\/2021\/11\/geosphere_de.png","datePublished":"2023-01-18T09:35:34+00:00","dateModified":"2023-01-25T11:21:12+00:00","breadcrumb":{"@id":"https:\/\/www.flynex.io\/de\/whitepaper\/marktueberblick-drohne-2020-download\/#breadcrumb"},"inLanguage":"de","potentialAction":[{"@type":"ReadAction","target":["https:\/\/www.flynex.io\/de\/whitepaper\/marktueberblick-drohne-2020-download\/"]}]},{"@type":"ImageObject","inLanguage":"de","@id":"https:\/\/www.flynex.io\/de\/whitepaper\/marktueberblick-drohne-2020-download\/#primaryimage","url":"https:\/\/www.flynex.io\/wp-content\/uploads\/2021\/11\/geosphere_de.png","contentUrl":"https:\/\/www.flynex.io\/wp-content\/uploads\/2021\/11\/geosphere_de.png","width":466,"height":444,"caption":"FlyNex Whitepaper Geodaten"},{"@type":"BreadcrumbList","@id":"https:\/\/www.flynex.io\/de\/whitepaper\/marktueberblick-drohne-2020-download\/#breadcrumb","itemListElement":[{"@type":"ListItem","position":1,"name":"Home","item":"https:\/\/www.flynex.io\/de\/"},{"@type":"ListItem","position":2,"name":"Whitepaper","item":"https:\/\/www.flynex.io\/de\/white-papers\/"},{"@type":"ListItem","position":3,"name":"Whitepaper Markt\u00fcberblick Drohne &#8211; PDF"}]},{"@type":"WebSite","@id":"https:\/\/live-new03.flynex.io\/en\/#website","url":"https:\/\/live-new03.flynex.io\/en\/","name":"FlyNex","description":"Drone Data &amp; Workflow Solution","publisher":{"@id":"https:\/\/live-new03.flynex.io\/en\/#organization"},"potentialAction":[{"@type":"SearchAction","target":{"@type":"EntryPoint","urlTemplate":"https:\/\/live-new03.flynex.io\/en\/?s={search_term_string}"},"query-input":{"@type":"PropertyValueSpecification","valueRequired":true,"valueName":"search_term_string"}}],"inLanguage":"de"},{"@type":"Organization","@id":"https:\/\/live-new03.flynex.io\/en\/#organization","name":"FlyNex","url":"https:\/\/live-new03.flynex.io\/en\/","logo":{"@type":"ImageObject","inLanguage":"de","@id":"https:\/\/live-new03.flynex.io\/en\/#\/schema\/logo\/image\/","url":"https:\/\/www.flynex.io\/wp-content\/uploads\/2020\/06\/FlyNex_logo_blue.png","contentUrl":"https:\/\/www.flynex.io\/wp-content\/uploads\/2020\/06\/FlyNex_logo_blue.png","width":5257,"height":1000,"caption":"FlyNex"},"image":{"@id":"https:\/\/live-new03.flynex.io\/en\/#\/schema\/logo\/image\/"},"sameAs":["https:\/\/www.facebook.com\/flynex.io\/","https:\/\/x.com\/FlyNex_io","https:\/\/www.instagram.com\/flynex.io\/","https:\/\/www.linkedin.com\/company\/flynex-gmbh\/","https:\/\/www.youtube.com\/channel\/UCRPBL25qUpiZ49nZpqPPnNQ"]}]}},"_links":{"self":[{"href":"https:\/\/www.flynex.io\/de\/wp-json\/wp\/v2\/pages\/32574","targetHints":{"allow":["GET"]}}],"collection":[{"href":"https:\/\/www.flynex.io\/de\/wp-json\/wp\/v2\/pages"}],"about":[{"href":"https:\/\/www.flynex.io\/de\/wp-json\/wp\/v2\/types\/page"}],"author":[{"embeddable":true,"href":"https:\/\/www.flynex.io\/de\/wp-json\/wp\/v2\/users\/1342"}],"replies":[{"embeddable":true,"href":"https:\/\/www.flynex.io\/de\/wp-json\/wp\/v2\/comments?post=32574"}],"version-history":[{"count":3,"href":"https:\/\/www.flynex.io\/de\/wp-json\/wp\/v2\/pages\/32574\/revisions"}],"predecessor-version":[{"id":32579,"href":"https:\/\/www.flynex.io\/de\/wp-json\/wp\/v2\/pages\/32574\/revisions\/32579"}],"up":[{"embeddable":true,"href":"https:\/\/www.flynex.io\/de\/wp-json\/wp\/v2\/pages\/28417"}],"wp:featuredmedia":[{"embeddable":true,"href":"https:\/\/www.flynex.io\/de\/wp-json\/wp\/v2\/media\/18807"}],"wp:attachment":[{"href":"https:\/\/www.flynex.io\/de\/wp-json\/wp\/v2\/media?parent=32574"}],"curies":[{"name":"wp","href":"https:\/\/api.w.org\/{rel}","templated":true}]}}