{"id":32473,"date":"2023-01-17T16:21:51","date_gmt":"2023-01-17T15:21:51","guid":{"rendered":"https:\/\/www.flynex.io\/imprint\/"},"modified":"2025-11-20T13:55:47","modified_gmt":"2025-11-20T12:55:47","slug":"impressum","status":"publish","type":"page","link":"https:\/\/www.flynex.io\/de\/impressum\/","title":{"rendered":"Impressum"},"content":{"rendered":"<p><div class=\"fusion-fullwidth fullwidth-box fusion-builder-row-1 fusion-flex-container has-pattern-background has-mask-background fusion-parallax-fixed nonhundred-percent-fullwidth non-hundred-percent-height-scrolling\" style=\"--awb-border-radius-top-left:0px;--awb-border-radius-top-right:0px;--awb-border-radius-bottom-right:0px;--awb-border-radius-bottom-left:0px;--awb-padding-top:200px;--awb-padding-bottom:200px;--awb-margin-top:-100px;--awb-margin-bottom:40px;--awb-background-image:linear-gradient(180deg, rgba(0,48,68,0.8) 0%,rgba(0,48,68,0.8) 100%),url(https:\/\/www.flynex.io\/wp-content\/uploads\/2022\/11\/2020-11-27_contact_header.jpg);;--awb-background-size:cover;--awb-flex-wrap:wrap;background-attachment:fixed;\" data-preload-img=\"https:\/\/www.flynex.io\/wp-content\/uploads\/2022\/11\/2020-11-27_contact_header.jpg\" ><div class=\"fusion-builder-row fusion-row fusion-flex-align-items-flex-start fusion-flex-justify-content-center fusion-flex-content-wrap\" style=\"max-width:1248px;margin-left: calc(-4% \/ 2 );margin-right: calc(-4% \/ 2 );\"><div class=\"fusion-layout-column fusion_builder_column fusion-builder-column-0 fusion_builder_column_3_4 3_4 fusion-flex-column\" style=\"--awb-padding-top:60px;--awb-padding-right:60px;--awb-padding-bottom:60px;--awb-padding-left:60px;--awb-padding-top-small:40px;--awb-padding-right-small:20px;--awb-padding-bottom-small:40px;--awb-padding-left-small:20px;--awb-overflow:hidden;--awb-bg-image:linear-gradient(180deg, rgba(0,48,68,0.8) 0%,rgba(0,48,68,0.8) 100%);--awb-bg-size:cover;--awb-border-radius:2px 2px 2px 2px;--awb-width-large:75%;--awb-margin-top-large:0px;--awb-spacing-right-large:2.56%;--awb-margin-bottom-large:19px;--awb-spacing-left-large:2.56%;--awb-width-medium:75%;--awb-order-medium:0;--awb-spacing-right-medium:2.56%;--awb-spacing-left-medium:2.56%;--awb-width-small:100%;--awb-order-small:0;--awb-spacing-right-small:1.92%;--awb-spacing-left-small:1.92%;\" data-scroll-devices=\"small-visibility,medium-visibility,large-visibility\"><div class=\"fusion-column-wrapper fusion-column-has-shadow fusion-flex-justify-content-flex-start fusion-content-layout-column\"><div class=\"fusion-title title fusion-title-1 fusion-sep-none fusion-title-center fusion-title-text fusion-title-size-one\" style=\"--awb-text-color:var(--awb-color2);--awb-font-size:var(--awb-typography1-font-size);\"><h1 class=\"fusion-title-heading title-heading-center fusion-responsive-typography-calculated\" style=\"font-family:var(--awb-typography1-font-family);font-weight:var(--awb-typography1-font-weight);font-style:var(--awb-typography1-font-style);margin:0;letter-spacing:var(--awb-typography1-letter-spacing);text-transform:var(--awb-typography1-text-transform);font-size:1em;--fontSize:44;line-height:var(--awb-typography1-line-height);\">Impressum.<\/h1><\/div><div class=\"fusion-title title fusion-title-2 fusion-sep-none fusion-title-center fusion-title-text fusion-title-size-two\" style=\"--awb-text-color:var(--awb-color2);--awb-font-size:var(--awb-typography3-font-size);\"><h2 class=\"fusion-title-heading title-heading-center fusion-responsive-typography-calculated\" style=\"font-family:var(--awb-typography3-font-family);font-weight:var(--awb-typography3-font-weight);font-style:var(--awb-typography3-font-style);margin:0;letter-spacing:var(--awb-typography3-letter-spacing);text-transform:var(--awb-typography3-text-transform);font-size:1em;--fontSize:24;line-height:var(--awb-typography3-line-height);\">Gem\u00e4\u00df \u00a7 5 des deutschen Telemediengesetz.<\/h2><\/div><\/div><\/div><\/div><\/div><div class=\"fusion-fullwidth fullwidth-box fusion-builder-row-2 fusion-flex-container has-pattern-background has-mask-background nonhundred-percent-fullwidth non-hundred-percent-height-scrolling\" style=\"--awb-border-radius-top-left:0px;--awb-border-radius-top-right:0px;--awb-border-radius-bottom-right:0px;--awb-border-radius-bottom-left:0px;--awb-padding-top:20px;--awb-flex-wrap:wrap;\" ><div class=\"fusion-builder-row fusion-row fusion-flex-align-items-flex-start fusion-flex-justify-content-center fusion-flex-content-wrap\" style=\"max-width:1248px;margin-left: calc(-4% \/ 2 );margin-right: calc(-4% \/ 2 );\"><div class=\"fusion-layout-column fusion_builder_column fusion-builder-column-1 fusion_builder_column_2_3 2_3 fusion-flex-column\" style=\"--awb-bg-size:cover;--awb-width-large:66.666666666667%;--awb-margin-top-large:0px;--awb-spacing-right-large:2.88%;--awb-margin-bottom-large:19px;--awb-spacing-left-large:2.88%;--awb-width-medium:66.666666666667%;--awb-order-medium:0;--awb-spacing-right-medium:2.88%;--awb-spacing-left-medium:2.88%;--awb-width-small:100%;--awb-order-small:1;--awb-spacing-right-small:1.92%;--awb-spacing-left-small:1.92%;\"><div class=\"fusion-column-wrapper fusion-column-has-shadow fusion-flex-justify-content-flex-start fusion-content-layout-column\"><div class=\"fusion-builder-row fusion-builder-row-inner fusion-row fusion-flex-align-items-flex-start fusion-flex-justify-content-center fusion-flex-content-wrap\" style=\"width:104% !important;max-width:104% !important;margin-left: calc(-4% \/ 2 );margin-right: calc(-4% \/ 2 );\"><div class=\"fusion-layout-column fusion_builder_column_inner fusion-builder-nested-column-0 fusion_builder_column_inner_1_1 1_1 fusion-flex-column\" style=\"--awb-bg-size:cover;--awb-width-large:100%;--awb-margin-top-large:0px;--awb-spacing-right-large:1.92%;--awb-margin-bottom-large:19px;--awb-spacing-left-large:1.92%;--awb-width-medium:100%;--awb-order-medium:0;--awb-spacing-right-medium:1.92%;--awb-spacing-left-medium:1.92%;--awb-width-small:100%;--awb-order-small:0;--awb-spacing-right-small:1.92%;--awb-spacing-left-small:1.92%;\"><div class=\"fusion-column-wrapper fusion-column-has-shadow fusion-flex-justify-content-flex-start fusion-content-layout-column\"><div class=\"fusion-text fusion-text-1\"><h5>Vertretungsberechtigte Gesch\u00e4ftsf\u00fchrer<\/h5>\n<p>Andreas Dunsch, CEO<br \/>\nMichael Petrosjan, CEO<\/p>\n<h5>Registergericht<\/h5>\n<p>Amtsgericht Leipzig<\/p>\n<h5>Registernummer<\/h5>\n<p>HRB 33972<\/p>\n<h5>Umsatzsteuer-Identifikationsnummer gem\u00e4\u00df \u00a7 27a UStG<\/h5>\n<p>DE301790233<\/p>\n<h5>Verantwortlich f\u00fcr den Inhalt<\/h5>\n<p>Andreas Dunsch<\/p>\n<h5>Alternative Streitbeilegung<\/h5>\n<p>Die Europ\u00e4ische Kommission stellt eine Plattform f\u00fcr die au\u00dfergerichtliche Online-Streitbeilegung (OS-Plattform) bereit, aufrufbar unter\u00a0<a href=\"http:\/\/ec.europa.eu\/odr\" target=\"_blank\" rel=\"noopener noreferrer\">http:\/\/ec.europa.eu\/odr<\/a>.<\/p>\n<h5>Bildnachweisverzeichnis<\/h5>\n<p>diverse Bilder: lizenzfrei auf\u00a0<a href=\"https:\/\/de.123rf.com\/\" target=\"_blank\" rel=\"noopener noreferrer\">123rf.com<\/a><br \/>\nIllustration Map2Fly How-to-Guide: <a href=\"https:\/\/storyset.com\/people\">Illustration by Freepik Storyset<\/a><\/p>\n<h3>Haftungsausschuss (Disclaimer)<\/h3>\n<h5>Haftungsbeschr\u00e4nkung<\/h5>\n<p>Die auf dieser Webseite von FlyNex selbst erstellten oder vorgehaltenen Inhalte wurden mit gr\u00f6\u00dftm\u00f6glicher Sorgfalt erstellt. Dennoch \u00fcbernimmt FlyNex keine Gew\u00e4hr f\u00fcr deren Aktualit\u00e4t, Vollst\u00e4ndigkeit und Richtigkeit (weder zum Zeitpunkt der Ver\u00f6ffentlichung noch fortw\u00e4hrend danach). Als Diensteanbieter ist FlyNex gem\u00e4\u00df \u00a7 7 Abs. 1 TMG f\u00fcr eigene Inhalte und bereitgestellte Informationen nach den allgemeinen Gesetzen verantwortlich; nach den \u00a7\u00a7 8 bis 10 TMG jedoch nicht verpflichtet, die \u00fcbermittelten oder gespeicherten fremden Informationen zu \u00fcberwachen. Eine Entfernung oder Sperrung dieser Inhalte erfolgt umgehend ab dem Zeitpunkt der Kenntnis einer konkreten Rechtsverletzung. Eine Haftung ist erst ab dem Zeitpunkt der Kenntniserlangung m\u00f6glich. FlyNex weist darauf hin, dass die \u00dcbertragung von Daten im Internet (z. B. per E-Mail) Sicherheitsl\u00fccken aufweisen und ein l\u00fcckenloser Schutz der Daten vor dem Zugriff Dritter nicht gew\u00e4hrleistet werden kann; dementsprechend \u00fcbernimmt FlyNex diesbez\u00fcglich keine Haftung f\u00fcr solche Sch\u00e4den, die einem Nutzer durch solche Sicherheitsl\u00fccken entstehen.<\/p>\n<h5>Verlinkung<\/h5>\n<p>Diese Webseite kann \u201eexterne Links\u201c (Verlinkungen) zu anderen Webseiten enthalten. FlyNex ist bem\u00fcht, die Rechtm\u00e4\u00dfigkeit der Inhalte bei Verlinkung zu \u00fcberpr\u00fcfen. Zum Zeitpunkt der Verlinkung waren keine Rechtsverst\u00f6\u00dfe erkennbar. Bei Bekanntwerden einer solchen Rechtsverletzung wird der Link umgehend entfert. Indes hat FlyNex auf den Inhalt oder sich \u00e4ndernde Inhalte der verlinkten Webseiten keinen Einfluss; der Anbieter der entsprechend verlinkten Webseite ist hierf\u00fcr allein verantwortlich und FlyNex \u00fcbernimmt daher keine Gew\u00e4hr f\u00fcr die Richtigkeit oder Rechtm\u00e4\u00dfigkeit solcher Inhalte. F\u00fcr die Inhalte und Richtigkeit der bereitgestellten Informationen ist der jeweilige Anbieter der verlinkten Webseite verantwortlich.<\/p>\n<h5>Urheberrecht\/Leistungsschutzrecht<\/h5>\n<p>Die auf dieser Webseite ver\u00f6ffentlichten Inhalte, Werke und bereitgestellten Informationen unterliegen dem deutschen Urheberrecht und Leistungsschutzrecht. Jede Art der Vervielf\u00e4ltigung, Bearbeitung, Verbreitung, Einspeicherung und jede Art der Verwertung au\u00dferhalb der Grenzen des Urheberrechts bedarf der vorherigen schriftlichen Zustimmung des jeweiligen Rechteinhabers. Das unerlaubte Kopieren \/ Speichern der bereitgestellten Informationen auf diesen Webseiten ist nicht gestattet und strafbar. Soweit die Inhalte auf dieser Seite nicht vom Betreiber erstellt wurden, werden die Urheberrechte Dritter beachtet. Insbesondere werden Inhalte Dritter als solche gekennzeichnet. Sollte dennoch eine m\u00f6gliche Urheberrechtsverletzung erkannt werden, wird um einen entsprechenden Hinweis an FlyNex gebeten.<\/p>\n<\/div><\/div><\/div><\/div><\/div><\/div><div class=\"fusion-layout-column fusion_builder_column fusion-builder-column-2 fusion_builder_column_1_3 1_3 fusion-flex-column fusion-flex-align-self-flex-start\" style=\"--awb-padding-top:40px;--awb-padding-right:40px;--awb-padding-bottom:40px;--awb-padding-left:40px;--awb-padding-top-small:40px;--awb-padding-right-small:20px;--awb-padding-left-small:20px;--awb-bg-color:var(--awb-color2);--awb-bg-color-hover:var(--awb-color2);--awb-bg-size:cover;--awb-box-shadow:4px 6px 8px 2px var(--awb-color3);;--awb-width-large:33.333333333333%;--awb-margin-top-large:0px;--awb-spacing-right-large:5.76%;--awb-margin-bottom-large:19px;--awb-spacing-left-large:5.76%;--awb-width-medium:33.333333333333%;--awb-order-medium:0;--awb-spacing-right-medium:5.76%;--awb-spacing-left-medium:5.76%;--awb-width-small:100%;--awb-order-small:0;--awb-spacing-right-small:1.92%;--awb-spacing-left-small:1.92%;\" data-scroll-devices=\"small-visibility,medium-visibility,large-visibility\"><div class=\"fusion-column-wrapper fusion-column-has-shadow fusion-flex-justify-content-center fusion-content-layout-row fusion-flex-align-items-center\"><div class=\"fusion-builder-row fusion-builder-row-inner fusion-row fusion-flex-align-items-flex-start fusion-flex-justify-content-center fusion-flex-content-wrap\" style=\"width:104% !important;max-width:104% !important;margin-left: calc(-4% \/ 2 );margin-right: calc(-4% \/ 2 );\"><div class=\"fusion-layout-column fusion_builder_column_inner fusion-builder-nested-column-1 fusion_builder_column_inner_1_1 1_1 fusion-flex-column\" style=\"--awb-bg-size:cover;--awb-width-large:100%;--awb-margin-top-large:0px;--awb-spacing-right-large:1.92%;--awb-margin-bottom-large:19px;--awb-spacing-left-large:1.92%;--awb-width-medium:100%;--awb-order-medium:0;--awb-spacing-right-medium:1.92%;--awb-spacing-left-medium:1.92%;--awb-width-small:50%;--awb-order-small:1;--awb-spacing-right-small:3.84%;--awb-spacing-left-small:3.84%;\"><div class=\"fusion-column-wrapper fusion-column-has-shadow fusion-flex-justify-content-flex-start fusion-content-layout-column\"><div class=\"fusion-title title fusion-title-3 fusion-sep-none fusion-title-text fusion-title-size-three\"><h3 class=\"fusion-title-heading title-heading-left fusion-responsive-typography-calculated\" style=\"margin:0;--fontSize:24;line-height:var(--awb-typography3-line-height);\">Hauptsitz<\/h3><\/div><div class=\"fusion-text fusion-text-2\"><p>FlyNex GmbH c\/o SpinLab<br \/>Spinnereistra\u00dfe 7, Halle 14<br \/>04179 Leipzig<br \/>Telefon: +49 (0) 341 331 760<br \/>E-Mail: <a href=\"mailto:info@flynex.de\">info@flynex.de<\/a><\/p>\n<\/div><\/div><\/div><div class=\"fusion-layout-column fusion_builder_column_inner fusion-builder-nested-column-2 fusion_builder_column_inner_1_1 1_1 fusion-flex-column\" style=\"--awb-bg-size:cover;--awb-width-large:100%;--awb-margin-top-large:0px;--awb-spacing-right-large:1.92%;--awb-margin-bottom-large:19px;--awb-spacing-left-large:1.92%;--awb-width-medium:100%;--awb-order-medium:0;--awb-spacing-right-medium:1.92%;--awb-spacing-left-medium:1.92%;--awb-width-small:50%;--awb-order-small:1;--awb-spacing-right-small:3.84%;--awb-spacing-left-small:3.84%;\"><div class=\"fusion-column-wrapper fusion-column-has-shadow fusion-flex-justify-content-flex-start fusion-content-layout-column\"><div class=\"fusion-title title fusion-title-4 fusion-sep-none fusion-title-text fusion-title-size-three\"><h3 class=\"fusion-title-heading title-heading-left fusion-responsive-typography-calculated\" style=\"margin:0;--fontSize:24;line-height:var(--awb-typography3-line-height);\">Zweigstelle<\/h3><\/div><div class=\"fusion-text fusion-text-3\"><p>FlyNex GmbH<br \/><span data-teams=\"true\">Erdmannstra\u00dfe 10<\/span><br \/><span data-teams=\"true\">22765<\/span> Hamburg<br \/>Telefon: +49 (0) 341 331 760<br \/>E-Mail: <a class=\"email\" href=\"mailto:info@flynex.de\">info@flynex.de<\/a><\/p>\n<\/div><\/div><\/div><\/div><\/div><\/div><\/div><\/div><\/p>\n","protected":false},"excerpt":{"rendered":"","protected":false},"author":1357,"featured_media":29677,"parent":0,"menu_order":0,"comment_status":"closed","ping_status":"closed","template":"100-width.php","meta":{"footnotes":""},"class_list":["post-32473","page","type-page","status-publish","has-post-thumbnail","hentry"],"yoast_head":"<!-- This site is optimized with the Yoast SEO plugin v26.1.1 - https:\/\/yoast.com\/wordpress\/plugins\/seo\/ -->\n<title>Impressum | FlyNex<\/title>\n<meta name=\"robots\" content=\"index, nofollow, max-snippet:-1, max-image-preview:large, max-video-preview:-1\" \/>\n<link rel=\"canonical\" href=\"https:\/\/www.flynex.io\/de\/impressum\/\" \/>\n<meta property=\"og:locale\" content=\"de_DE\" \/>\n<meta property=\"og:type\" content=\"article\" \/>\n<meta property=\"og:title\" content=\"Impressum | FlyNex\" \/>\n<meta property=\"og:url\" content=\"https:\/\/www.flynex.io\/de\/impressum\/\" \/>\n<meta property=\"og:site_name\" content=\"FlyNex\" \/>\n<meta property=\"article:publisher\" content=\"https:\/\/www.facebook.com\/flynex.io\/\" \/>\n<meta property=\"article:modified_time\" content=\"2025-11-20T12:55:47+00:00\" \/>\n<meta property=\"og:image\" content=\"https:\/\/www.flynex.io\/wp-content\/uploads\/2022\/11\/2020-11-27_contact_header.jpg\" \/>\n\t<meta property=\"og:image:width\" content=\"2560\" \/>\n\t<meta property=\"og:image:height\" content=\"720\" \/>\n\t<meta property=\"og:image:type\" content=\"image\/jpeg\" \/>\n<meta name=\"twitter:card\" content=\"summary_large_image\" \/>\n<meta name=\"twitter:site\" content=\"@FlyNex_io\" \/>\n<meta name=\"twitter:label1\" content=\"Gesch\u00e4tzte Lesezeit\" \/>\n\t<meta name=\"twitter:data1\" content=\"9\u00a0Minuten\" \/>\n<script type=\"application\/ld+json\" class=\"yoast-schema-graph\">{\"@context\":\"https:\/\/schema.org\",\"@graph\":[{\"@type\":\"WebPage\",\"@id\":\"https:\/\/www.flynex.io\/de\/impressum\/\",\"url\":\"https:\/\/www.flynex.io\/de\/impressum\/\",\"name\":\"Impressum | FlyNex\",\"isPartOf\":{\"@id\":\"https:\/\/live-new03.flynex.io\/en\/#website\"},\"primaryImageOfPage\":{\"@id\":\"https:\/\/www.flynex.io\/de\/impressum\/#primaryimage\"},\"image\":{\"@id\":\"https:\/\/www.flynex.io\/de\/impressum\/#primaryimage\"},\"thumbnailUrl\":\"https:\/\/www.flynex.io\/wp-content\/uploads\/2022\/11\/2020-11-27_contact_header.jpg\",\"datePublished\":\"2023-01-17T15:21:51+00:00\",\"dateModified\":\"2025-11-20T12:55:47+00:00\",\"breadcrumb\":{\"@id\":\"https:\/\/www.flynex.io\/de\/impressum\/#breadcrumb\"},\"inLanguage\":\"de\",\"potentialAction\":[{\"@type\":\"ReadAction\",\"target\":[\"https:\/\/www.flynex.io\/de\/impressum\/\"]}]},{\"@type\":\"ImageObject\",\"inLanguage\":\"de\",\"@id\":\"https:\/\/www.flynex.io\/de\/impressum\/#primaryimage\",\"url\":\"https:\/\/www.flynex.io\/wp-content\/uploads\/2022\/11\/2020-11-27_contact_header.jpg\",\"contentUrl\":\"https:\/\/www.flynex.io\/wp-content\/uploads\/2022\/11\/2020-11-27_contact_header.jpg\",\"width\":2560,\"height\":720,\"caption\":\"FlyNex - Gr\u00fcner \u00dcber uns Kontakt\"},{\"@type\":\"BreadcrumbList\",\"@id\":\"https:\/\/www.flynex.io\/de\/impressum\/#breadcrumb\",\"itemListElement\":[{\"@type\":\"ListItem\",\"position\":1,\"name\":\"Home\",\"item\":\"https:\/\/www.flynex.io\/de\/\"},{\"@type\":\"ListItem\",\"position\":2,\"name\":\"Impressum\"}]},{\"@type\":\"WebSite\",\"@id\":\"https:\/\/live-new03.flynex.io\/en\/#website\",\"url\":\"https:\/\/live-new03.flynex.io\/en\/\",\"name\":\"FlyNex\",\"description\":\"Drone Data &amp; Workflow Solution\",\"publisher\":{\"@id\":\"https:\/\/live-new03.flynex.io\/en\/#organization\"},\"potentialAction\":[{\"@type\":\"SearchAction\",\"target\":{\"@type\":\"EntryPoint\",\"urlTemplate\":\"https:\/\/live-new03.flynex.io\/en\/?s={search_term_string}\"},\"query-input\":{\"@type\":\"PropertyValueSpecification\",\"valueRequired\":true,\"valueName\":\"search_term_string\"}}],\"inLanguage\":\"de\"},{\"@type\":\"Organization\",\"@id\":\"https:\/\/live-new03.flynex.io\/en\/#organization\",\"name\":\"FlyNex\",\"url\":\"https:\/\/live-new03.flynex.io\/en\/\",\"logo\":{\"@type\":\"ImageObject\",\"inLanguage\":\"de\",\"@id\":\"https:\/\/live-new03.flynex.io\/en\/#\/schema\/logo\/image\/\",\"url\":\"https:\/\/www.flynex.io\/wp-content\/uploads\/2020\/06\/FlyNex_logo_blue.png\",\"contentUrl\":\"https:\/\/www.flynex.io\/wp-content\/uploads\/2020\/06\/FlyNex_logo_blue.png\",\"width\":5257,\"height\":1000,\"caption\":\"FlyNex\"},\"image\":{\"@id\":\"https:\/\/live-new03.flynex.io\/en\/#\/schema\/logo\/image\/\"},\"sameAs\":[\"https:\/\/www.facebook.com\/flynex.io\/\",\"https:\/\/x.com\/FlyNex_io\",\"https:\/\/www.instagram.com\/flynex.io\/\",\"https:\/\/www.linkedin.com\/company\/flynex-gmbh\/\",\"https:\/\/www.youtube.com\/channel\/UCRPBL25qUpiZ49nZpqPPnNQ\"]}]}<\/script>\n<!-- \/ Yoast SEO plugin. -->","yoast_head_json":{"title":"Impressum | FlyNex","robots":{"index":"index","follow":"nofollow","max-snippet":"max-snippet:-1","max-image-preview":"max-image-preview:large","max-video-preview":"max-video-preview:-1"},"canonical":"https:\/\/www.flynex.io\/de\/impressum\/","og_locale":"de_DE","og_type":"article","og_title":"Impressum | FlyNex","og_url":"https:\/\/www.flynex.io\/de\/impressum\/","og_site_name":"FlyNex","article_publisher":"https:\/\/www.facebook.com\/flynex.io\/","article_modified_time":"2025-11-20T12:55:47+00:00","og_image":[{"width":2560,"height":720,"url":"https:\/\/www.flynex.io\/wp-content\/uploads\/2022\/11\/2020-11-27_contact_header.jpg","type":"image\/jpeg"}],"twitter_card":"summary_large_image","twitter_site":"@FlyNex_io","twitter_misc":{"Gesch\u00e4tzte Lesezeit":"9\u00a0Minuten"},"schema":{"@context":"https:\/\/schema.org","@graph":[{"@type":"WebPage","@id":"https:\/\/www.flynex.io\/de\/impressum\/","url":"https:\/\/www.flynex.io\/de\/impressum\/","name":"Impressum | FlyNex","isPartOf":{"@id":"https:\/\/live-new03.flynex.io\/en\/#website"},"primaryImageOfPage":{"@id":"https:\/\/www.flynex.io\/de\/impressum\/#primaryimage"},"image":{"@id":"https:\/\/www.flynex.io\/de\/impressum\/#primaryimage"},"thumbnailUrl":"https:\/\/www.flynex.io\/wp-content\/uploads\/2022\/11\/2020-11-27_contact_header.jpg","datePublished":"2023-01-17T15:21:51+00:00","dateModified":"2025-11-20T12:55:47+00:00","breadcrumb":{"@id":"https:\/\/www.flynex.io\/de\/impressum\/#breadcrumb"},"inLanguage":"de","potentialAction":[{"@type":"ReadAction","target":["https:\/\/www.flynex.io\/de\/impressum\/"]}]},{"@type":"ImageObject","inLanguage":"de","@id":"https:\/\/www.flynex.io\/de\/impressum\/#primaryimage","url":"https:\/\/www.flynex.io\/wp-content\/uploads\/2022\/11\/2020-11-27_contact_header.jpg","contentUrl":"https:\/\/www.flynex.io\/wp-content\/uploads\/2022\/11\/2020-11-27_contact_header.jpg","width":2560,"height":720,"caption":"FlyNex - Gr\u00fcner \u00dcber uns Kontakt"},{"@type":"BreadcrumbList","@id":"https:\/\/www.flynex.io\/de\/impressum\/#breadcrumb","itemListElement":[{"@type":"ListItem","position":1,"name":"Home","item":"https:\/\/www.flynex.io\/de\/"},{"@type":"ListItem","position":2,"name":"Impressum"}]},{"@type":"WebSite","@id":"https:\/\/live-new03.flynex.io\/en\/#website","url":"https:\/\/live-new03.flynex.io\/en\/","name":"FlyNex","description":"Drone Data &amp; Workflow Solution","publisher":{"@id":"https:\/\/live-new03.flynex.io\/en\/#organization"},"potentialAction":[{"@type":"SearchAction","target":{"@type":"EntryPoint","urlTemplate":"https:\/\/live-new03.flynex.io\/en\/?s={search_term_string}"},"query-input":{"@type":"PropertyValueSpecification","valueRequired":true,"valueName":"search_term_string"}}],"inLanguage":"de"},{"@type":"Organization","@id":"https:\/\/live-new03.flynex.io\/en\/#organization","name":"FlyNex","url":"https:\/\/live-new03.flynex.io\/en\/","logo":{"@type":"ImageObject","inLanguage":"de","@id":"https:\/\/live-new03.flynex.io\/en\/#\/schema\/logo\/image\/","url":"https:\/\/www.flynex.io\/wp-content\/uploads\/2020\/06\/FlyNex_logo_blue.png","contentUrl":"https:\/\/www.flynex.io\/wp-content\/uploads\/2020\/06\/FlyNex_logo_blue.png","width":5257,"height":1000,"caption":"FlyNex"},"image":{"@id":"https:\/\/live-new03.flynex.io\/en\/#\/schema\/logo\/image\/"},"sameAs":["https:\/\/www.facebook.com\/flynex.io\/","https:\/\/x.com\/FlyNex_io","https:\/\/www.instagram.com\/flynex.io\/","https:\/\/www.linkedin.com\/company\/flynex-gmbh\/","https:\/\/www.youtube.com\/channel\/UCRPBL25qUpiZ49nZpqPPnNQ"]}]}},"_links":{"self":[{"href":"https:\/\/www.flynex.io\/de\/wp-json\/wp\/v2\/pages\/32473","targetHints":{"allow":["GET"]}}],"collection":[{"href":"https:\/\/www.flynex.io\/de\/wp-json\/wp\/v2\/pages"}],"about":[{"href":"https:\/\/www.flynex.io\/de\/wp-json\/wp\/v2\/types\/page"}],"author":[{"embeddable":true,"href":"https:\/\/www.flynex.io\/de\/wp-json\/wp\/v2\/users\/1357"}],"replies":[{"embeddable":true,"href":"https:\/\/www.flynex.io\/de\/wp-json\/wp\/v2\/comments?post=32473"}],"version-history":[{"count":18,"href":"https:\/\/www.flynex.io\/de\/wp-json\/wp\/v2\/pages\/32473\/revisions"}],"predecessor-version":[{"id":39780,"href":"https:\/\/www.flynex.io\/de\/wp-json\/wp\/v2\/pages\/32473\/revisions\/39780"}],"wp:featuredmedia":[{"embeddable":true,"href":"https:\/\/www.flynex.io\/de\/wp-json\/wp\/v2\/media\/29677"}],"wp:attachment":[{"href":"https:\/\/www.flynex.io\/de\/wp-json\/wp\/v2\/media?parent=32473"}],"curies":[{"name":"wp","href":"https:\/\/api.w.org\/{rel}","templated":true}]}}